{"id":1018,"date":"2023-02-20T19:16:45","date_gmt":"2023-02-20T19:16:45","guid":{"rendered":"https:\/\/heliospectra.com\/?page_id=1018"},"modified":"2023-02-20T19:16:45","modified_gmt":"2023-02-20T19:16:45","slug":"ir-_-mall-sv","status":"publish","type":"page","link":"https:\/\/heliospectra.com\/nl\/ir-_-mall-sv\/","title":{"rendered":"IR _ MALL SV"},"content":{"rendered":"<div class=\"row row-full-width\"  id=\"row-58364944\">\n\n\n\t<div id=\"col-1484945807\" class=\"col border_right medium-3 small-12 large-3\"  >\n\t\t<div class=\"is-sticky-column\"><div class=\"is-sticky-column__inner\">\t\t<div class=\"col-inner\"  >\n\t\t\t\n\t\t\t\n\n\t<div id=\"gap-255368276\" class=\"gap-element clearfix\" style=\"display:block; height:auto;\">\n\t\t\n<style>\n#gap-255368276 {\n  padding-top: 30px;\n}\n<\/style>\n\t<\/div>\n\t\n\n\t<div id=\"gap-2141543687\" class=\"gap-element clearfix\" style=\"display:block; height:auto;\">\n\t\t\n<style>\n#gap-2141543687 {\n  padding-top: 30px;\n}\n<\/style>\n\t<\/div>\n\t\n\n\n\n<div class=\"lang_ir\"><a href=\"\/nl\/investeerdersrelaties\/investeerdersrelaties\/\">NL<\/a><a href=\"\/nl\/sv-investeringsarrelatie\/investerarrelationer\/\" class=\"active\">SV<\/a><\/div>\n\n<div class=\"is-divider divider clearfix\" style=\"max-width:100%;height:1px;\"><\/div>\n\n\n\n<span class=\"h2\" style=\"color:#000;\">Investeerderarrelatie<\/span>\n\n\t<div id=\"gap-1859039873\" class=\"gap-element clearfix\" style=\"display:block; height:auto;\">\n\t\t\n<style>\n#gap-1859039873 {\n  padding-top: 20px;\n}\n<\/style>\n\t<\/div>\n\t\n\n<div class=\"accordion\">\n\n\t<div id=\"accordion-3056621284\" class=\"accordion-item IR_nav1\">\n\t\t<a id=\"accordion-3056621284-label\" class=\"accordion-title plain\" href=\"#accordion-item-navigation\" aria-expanded=\"false\" aria-controls=\"accordion-3056621284-content\">\n\t\t\t<button class=\"toggle\" aria-label=\"Schakel\"><i class=\"icon-angle-down\" aria-hidden=\"true\"><\/i><\/button>\n\t\t\t<span>Navigatie<\/span>\n\t\t<\/a>\n\t\t<div id=\"accordion-3056621284-content\" class=\"accordion-inner\" aria-labelledby=\"accordion-3056621284-label\">\n\t\t\t\n\n\t<div class=\"ux-menu stack stack-col justify-start\">\n\t\t\n\n\t<div class=\"ux-menu-link flex menu-item\">\n\t\t<a class=\"ux-menu-link__link flex\" href=\"https:\/\/heliospectra.com\/nl\/sv-investerarrelationer\/investerarrelationer\/\" >\n\t\t\t\t\t\t<span class=\"ux-menu-link__text\">\n\t\t\t\tInvesteerder Hemsida\t\t\t<\/span>\n\t\t<\/a>\n\t<\/div>\n\t\n\n\t<div class=\"ux-menu-link flex menu-item\">\n\t\t<a class=\"ux-menu-link__link flex\" href=\"https:\/\/heliospectra.com\/nl\/sv-investerarrelationer\/varfor-investera-heliospectra\/\" >\n\t\t\t\t\t\t<span class=\"ux-menu-link__text\">\n\t\t\t\tInvesteer in Heliospectra\t\t\t<\/span>\n\t\t<\/a>\n\t<\/div>\n\t\n\n\t<div class=\"ux-menu-link flex menu-item\">\n\t\t<a class=\"ux-menu-link__link flex\" href=\"https:\/\/heliospectra.com\/nl\/sv-investerarrelationer\/vd-ord\/\" >\n\t\t\t\t\t\t<span class=\"ux-menu-link__text\">\n\t\t\t\tVD-ord\t\t\t<\/span>\n\t\t<\/a>\n\t<\/div>\n\t\n\n\n\t<\/div>\n\t\n<div class=\"accordion\">\n\n\t<div id=\"accordion-3545230088\" class=\"accordion-item IR_nav2\">\n\t\t<a id=\"accordion-3545230088-label\" class=\"accordion-title plain\" href=\"#accordion-item-finansiell-rapporter-filer\" aria-expanded=\"false\" aria-controls=\"accordion-3545230088-content\">\n\t\t\t<button class=\"toggle\" aria-label=\"Schakel\"><i class=\"icon-angle-down\" aria-hidden=\"true\"><\/i><\/button>\n\t\t\t<span>Financieel verslaglegger<\/span>\n\t\t<\/a>\n\t\t<div id=\"accordion-3545230088-content\" class=\"accordion-inner\" aria-labelledby=\"accordion-3545230088-label\">\n\t\t\t\n\n\t<div class=\"ux-menu stack stack-col justify-start\">\n\t\t\n\n\t<div class=\"ux-menu-link flex menu-item\">\n\t\t<a class=\"ux-menu-link__link flex\" href=\"https:\/\/heliospectra.com\/nl\/sv-investerarrelationer\/financial-reports-documents\/rapporter\/\" >\n\t\t\t\t\t\t<span class=\"ux-menu-link__text\">\n\t\t\t\tRapporter\t\t\t<\/span>\n\t\t<\/a>\n\t<\/div>\n\t\n\n\t<div class=\"ux-menu-link flex menu-item\">\n\t\t<a class=\"ux-menu-link__link flex\" href=\"https:\/\/heliospectra.com\/nl\/sv-investerarrelationer\/financial-reports-documents\/prospekt\/\" >\n\t\t\t\t\t\t<span class=\"ux-menu-link__text\">\n\t\t\t\tProspekt\t\t\t<\/span>\n\t\t<\/a>\n\t<\/div>\n\t\n\n\t<div class=\"ux-menu-link flex menu-item\">\n\t\t<a class=\"ux-menu-link__link flex\" href=\"https:\/\/heliospectra.com\/nl\/sv-investerarrelationer\/financial-reports-documents\/analyser\/\" >\n\t\t\t\t\t\t<span class=\"ux-menu-link__text\">\n\t\t\t\tAnalyser\t\t\t<\/span>\n\t\t<\/a>\n\t<\/div>\n\t\n\n\t<div class=\"ux-menu-link flex menu-item\">\n\t\t<a class=\"ux-menu-link__link flex\" href=\"https:\/\/heliospectra.com\/nl\/sv-investerarrelationer\/financial-reports-documents\/finansiella-dokument\/\" >\n\t\t\t\t\t\t<span class=\"ux-menu-link__text\">\n\t\t\t\tFinancieel document\t\t\t<\/span>\n\t\t<\/a>\n\t<\/div>\n\t\n\n\n\t<\/div>\n\t\n\n\t\t<\/div>\n\t<\/div>\n\t\n\n<\/div>\n\t<div class=\"ux-menu stack stack-col justify-start\">\n\t\t\n\n\t<div class=\"ux-menu-link flex menu-item\">\n\t\t<a class=\"ux-menu-link__link flex\" href=\"https:\/\/heliospectra.com\/nl\/sv-investerarrelationer\/finansiell-kalender\/\" >\n\t\t\t\t\t\t<span class=\"ux-menu-link__text\">\n\t\t\t\tFinanci\u00eble kalender\t\t\t<\/span>\n\t\t<\/a>\n\t<\/div>\n\t\n\n\n\t<\/div>\n\t\n<div class=\"accordion\">\n\n\t<div id=\"accordion-3019037921\" class=\"accordion-item IR_nav2\">\n\t\t<a id=\"accordion-3019037921-label\" class=\"accordion-title plain\" href=\"#accordion-item-aktien\" aria-expanded=\"false\" aria-controls=\"accordion-3019037921-content\">\n\t\t\t<button class=\"toggle\" aria-label=\"Schakel\"><i class=\"icon-angle-down\" aria-hidden=\"true\"><\/i><\/button>\n\t\t\t<span>Aktien<\/span>\n\t\t<\/a>\n\t\t<div id=\"accordion-3019037921-content\" class=\"accordion-inner\" aria-labelledby=\"accordion-3019037921-label\">\n\t\t\t\n\n\t<div class=\"ux-menu stack stack-col justify-start\">\n\t\t\n\n\t<div class=\"ux-menu-link flex menu-item\">\n\t\t<a class=\"ux-menu-link__link flex\" href=\"https:\/\/heliospectra.com\/nl\/sv-investerarrelationer\/aktien-2\/aktie-kapital\/\" >\n\t\t\t\t\t\t<span class=\"ux-menu-link__text\">\n\t\t\t\tAktie Kapitaal\t\t\t<\/span>\n\t\t<\/a>\n\t<\/div>\n\t\n\n\t<div class=\"ux-menu-link flex menu-item\">\n\t\t<a class=\"ux-menu-link__link flex\" href=\"https:\/\/heliospectra.com\/nl\/sv-investerarrelationer\/aktien-2\/aktieagare\/\" >\n\t\t\t\t\t\t<span class=\"ux-menu-link__text\">\n\t\t\t\tAktie\u00e4gare\t\t\t<\/span>\n\t\t<\/a>\n\t<\/div>\n\t\n\n\t<div class=\"ux-menu-link flex menu-item\">\n\t\t<a class=\"ux-menu-link__link flex\" href=\"https:\/\/heliospectra.com\/nl\/sv-investerarrelationer\/aktien-2\/incitamentprogram\/\" >\n\t\t\t\t\t\t<span class=\"ux-menu-link__text\">\n\t\t\t\tStimuleringsprogramma\t\t\t<\/span>\n\t\t<\/a>\n\t<\/div>\n\t\n\n\n\t<\/div>\n\t\n\n\t\t<\/div>\n\t<\/div>\n\t\n\t<div id=\"accordion-2172659110\" class=\"accordion-item IR_nav2\">\n\t\t<a id=\"accordion-2172659110-label\" class=\"accordion-title plain\" href=\"#accordion-item-bolagsstyrning\" aria-expanded=\"false\" aria-controls=\"accordion-2172659110-content\">\n\t\t\t<button class=\"toggle\" aria-label=\"Schakel\"><i class=\"icon-angle-down\" aria-hidden=\"true\"><\/i><\/button>\n\t\t\t<span>Bolagsstyrning<\/span>\n\t\t<\/a>\n\t\t<div id=\"accordion-2172659110-content\" class=\"accordion-inner\" aria-labelledby=\"accordion-2172659110-label\">\n\t\t\t\n\n\t<div class=\"ux-menu stack stack-col justify-start\">\n\t\t\n\n\t<div class=\"ux-menu-link flex menu-item\">\n\t\t<a class=\"ux-menu-link__link flex\" href=\"https:\/\/heliospectra.com\/nl\/sv-investerarrelationer\/corporate-governance\/styrelse-revisorer\/\" >\n\t\t\t\t\t\t<span class=\"ux-menu-link__text\">\n\t\t\t\tStyrelse &amp; Revisorer\t\t\t<\/span>\n\t\t<\/a>\n\t<\/div>\n\t\n\n\t<div class=\"ux-menu-link flex menu-item\">\n\t\t<a class=\"ux-menu-link__link flex\" href=\"https:\/\/heliospectra.com\/nl\/sv-investerarrelationer\/corporate-governance\/ledningsgruppen\/\" >\n\t\t\t\t\t\t<span class=\"ux-menu-link__text\">\n\t\t\t\tLedningsgruppen\t\t\t<\/span>\n\t\t<\/a>\n\t<\/div>\n\t\n\n\t<div class=\"ux-menu-link flex menu-item\">\n\t\t<a class=\"ux-menu-link__link flex\" href=\"https:\/\/heliospectra.com\/nl\/sv-investerarrelationer\/corporate-governance\/bolagsordning\/\" >\n\t\t\t\t\t\t<span class=\"ux-menu-link__text\">\n\t\t\t\tBolagsordning\t\t\t<\/span>\n\t\t<\/a>\n\t<\/div>\n\t\n\n\t<div class=\"ux-menu-link flex menu-item\">\n\t\t<a class=\"ux-menu-link__link flex\" href=\"https:\/\/heliospectra.com\/nl\/sv-investerarrelationer\/corporate-governance\/insiders\/\" >\n\t\t\t\t\t\t<span class=\"ux-menu-link__text\">\n\t\t\t\tInsiders\t\t\t<\/span>\n\t\t<\/a>\n\t<\/div>\n\t\n\n\t<div class=\"ux-menu-link flex menu-item\">\n\t\t<a class=\"ux-menu-link__link flex\" href=\"https:\/\/heliospectra.com\/nl\/sv-investerarrelationer\/corporate-governance\/arsstamma\/\" >\n\t\t\t\t\t\t<span class=\"ux-menu-link__text\">\n\t\t\t\t\u00c5rsst\u00e4mma\t\t\t<\/span>\n\t\t<\/a>\n\t<\/div>\n\t\n\n\t<div class=\"ux-menu-link flex menu-item\">\n\t\t<a class=\"ux-menu-link__link flex\" href=\"https:\/\/heliospectra.com\/nl\/sv-investerarrelationer\/corporate-governance\/extra-bolagsstamma\/\" >\n\t\t\t\t\t\t<span class=\"ux-menu-link__text\">\n\t\t\t\tExtra bolagsst\u00e4mma 2025\t\t\t<\/span>\n\t\t<\/a>\n\t<\/div>\n\t\n\n\t<div class=\"ux-menu-link flex menu-item\">\n\t\t<a class=\"ux-menu-link__link flex\" href=\"https:\/\/heliospectra.com\/nl\/sv-investerarrelationer\/corporate-governance\/nomination-committee\/\" >\n\t\t\t\t\t\t<span class=\"ux-menu-link__text\">\n\t\t\t\tBenoemingscommissie\t\t\t<\/span>\n\t\t<\/a>\n\t<\/div>\n\t\n\n\n\t<\/div>\n\t\n\n\t\t<\/div>\n\t<\/div>\n\t\n\n<\/div>\n\t<div class=\"ux-menu stack stack-col justify-start ux-menu--divider-solid\">\n\t\t\n\n\t<div class=\"ux-menu-link flex menu-item\">\n\t\t<a class=\"ux-menu-link__link flex\" href=\"https:\/\/heliospectra.com\/nl\/sv-investerarrelationer\/pressmeddelanden-nyheter\/\" >\n\t\t\t\t\t\t<span class=\"ux-menu-link__text\">\n\t\t\t\tPersmeddelanden &amp; Nyheter\t\t\t<\/span>\n\t\t<\/a>\n\t<\/div>\n\t\n\n\n\t<\/div>\n\t\n\t<div class=\"ux-menu stack stack-col justify-start ux-menu--divider-solid\">\n\t\t\n\n\t<div class=\"ux-menu-link flex menu-item\">\n\t\t<a class=\"ux-menu-link__link flex\" href=\"https:\/\/heliospectra.com\/nl\/sv-investerarrelationer\/nyemission\/\" >\n\t\t\t\t\t\t<span class=\"ux-menu-link__text\">\n\t\t\t\tNyemissie\t\t\t<\/span>\n\t\t<\/a>\n\t<\/div>\n\t\n\n\n\t<\/div>\n\t\n\n\n\t\t<\/div>\n\t<\/div>\n\t\n\n<\/div>\n\n\n\t\t<\/div>\n\t\t<\/div><\/div>\t\t\t<\/div>\n\n\t\n\n\t<div id=\"col-1102889956\" class=\"col medium-9 small-12 large-9\"  >\n\t\t\t\t<div class=\"col-inner\"  >\n\t\t\t\n\t\t\t\n\n<div class=\"row\"  id=\"row-121066316\">\n\n\n\t<div id=\"col-74994397\" class=\"col small-12 large-12\"  >\n\t\t\t\t<div class=\"col-inner\"  >\n\t\t\t\n\t\t\t\n\n\t<div id=\"gap-2048474052\" class=\"gap-element clearfix\" style=\"display:block; height:auto;\">\n\t\t\n<style>\n#gap-2048474052 {\n  padding-top: 20px;\n}\n<\/style>\n\t<\/div>\n\t\n\n\n\n<span data-text-color=\"primary\">Investeerderarrelatie<\/span>\n\n<h1 class=\"h2\">Waarom investeren in Heliospectra<\/h1>\n<div class=\"is-divider divider clearfix\" style=\"max-width:100%;height:1px;\"><\/div>\n\n\n\t\t<\/div>\n\t\t\t\t\t<\/div>\n\n\t\n\n<\/div>\n<div class=\"is-divider divider clearfix\" style=\"max-width:100%;height:1px;\"><\/div>\n\n\n\t<section class=\"section\" id=\"section_1786265849\">\n\t\t<div class=\"section-bg fill\" >\n\t\t\t\t\t\t\t\t\t\n\t\t\t\n\n\t\t<\/div>\n\n\t\t\n\n\t\t<div class=\"section-content relative\">\n\t\t\t\n\n\t<div id=\"gap-1237958372\" class=\"gap-element clearfix\" style=\"display:block; height:auto;\">\n\t\t\n<style>\n#gap-1237958372 {\n  padding-top: 40px;\n}\n<\/style>\n\t<\/div>\n\t\n\n<div class=\"row\"  id=\"row-349602760\">\n\n\n\t<div id=\"col-433837982\" class=\"col medium-6 small-12 large-6\"  >\n\t\t\t\t<div class=\"col-inner\"  >\n\t\t\t\n\t\t\t\n\n\t<div class=\"box has-hover   has-hover box-vertical box-text-bottom\" >\n\n\t\t<div class=\"box-image\" style=\"width:25%;\">\n\t\t\t\t\t\t<div class=\"\" >\n\t\t\t\t<img loading=\"lazy\" decoding=\"async\" width=\"500\" height=\"750\" src=\"https:\/\/heliospectra.com\/wp-content\/uploads\/2023\/02\/5fc49edfbe6020d4850051dd_heliospectra031120_0477-p-500.jpeg\" class=\"attachment-original size-original\" alt=\"Rebecca Nordin\" srcset=\"https:\/\/heliospectra.com\/wp-content\/uploads\/2023\/02\/5fc49edfbe6020d4850051dd_heliospectra031120_0477-p-500.jpeg 500w, https:\/\/heliospectra.com\/wp-content\/uploads\/2023\/02\/5fc49edfbe6020d4850051dd_heliospectra031120_0477-p-500-200x300.jpeg 200w, https:\/\/heliospectra.com\/wp-content\/uploads\/2023\/02\/5fc49edfbe6020d4850051dd_heliospectra031120_0477-p-500-300x450.jpeg 300w\" sizes=\"auto, (max-width: 500px) 100vw, 500px\" \/>\t\t\t\t\t\t\t\t\t\t\t<\/div>\n\t\t\t\t\t<\/div>\n\n\t\t<div class=\"box-text text-center\" >\n\t\t\t<div class=\"box-text-inner\">\n\t\t\t\t\n\n\t<div id=\"text-3895497316\" class=\"text\">\n\t\t\n\n<h2 class=\"h20\"><span data-text-color=\"primary\">IR Kontakt<\/span><\/h2>\n<h2>Rebecca Nordin<\/h2>\n\t\t\n<style>\n#text-3895497316 {\n  text-align: left;\n}\n<\/style>\n\t<\/div>\n\t\n\t<div id=\"text-3939670596\" class=\"text h20\">\n\t\t\n\n<p class=\"paragraph-bigger\">CFO<\/p>\n\t\t\n<style>\n#text-3939670596 {\n  font-size: 1rem;\n  text-align: left;\n}\n<\/style>\n\t<\/div>\n\t\n\t<div id=\"text-2291552257\" class=\"text\">\n\t\t\n\n<p>+46 (0)72 536 8116<br \/>ir@heliospectra.com<\/p>\n\t\t\n<style>\n#text-2291552257 {\n  font-size: 1rem;\n  text-align: left;\n}\n<\/style>\n\t<\/div>\n\t\n\n\t\t\t<\/div>\n\t\t<\/div>\n\t<\/div>\n\t\n\n\t\t<\/div>\n\t\t\t\t\t<\/div>\n\n\t\n\n\t<div id=\"col-873065686\" class=\"col medium-6 small-12 large-6\"  >\n\t\t\t\t<div class=\"col-inner\"  >\n\t\t\t\n\t\t\t\n\n\t<div id=\"gap-1305296111\" class=\"gap-element clearfix\" style=\"display:block; height:auto;\">\n\t\t\n<style>\n#gap-1305296111 {\n  padding-top: 36px;\n}\n<\/style>\n\t<\/div>\n\t\n\n\t<div id=\"text-2728390278\" class=\"text\">\n\t\t\n\n<h2 class=\"h20\"><span data-text-color=\"primary\">Gecertificeerd adviseur<\/span><\/h2>\n<h2><strong>Redeye Nordic Growth AB<\/strong>\u00a0<\/h2>\n\t\t\n<style>\n#text-2728390278 {\n  text-align: left;\n}\n<\/style>\n\t<\/div>\n\t\n\t<div id=\"text-2162747822\" class=\"text\">\n\t\t\n\n<p>+46 (0)8 121 576 90<br \/>Certifiedadviser@redeye.se<\/p>\n<p><em>I rollen som Certified Adviser v\u00e4gleder och \u00f6vervakar Redeye Nordic Growth AB att bolaget lever upp till reglerna p\u00e5 Nasdaq First North Growth Market. Redeye Certified Advisers n\u00e5s p\u00e5 certifiedadviser@redeye.se.<\/em><\/p>\n\t\t\n<style>\n#text-2162747822 {\n  font-size: 1rem;\n  text-align: left;\n}\n<\/style>\n\t<\/div>\n\t\n\n\t\t<\/div>\n\t\t\t\t\t<\/div>\n\n\t\n\n<\/div>\n\n\t\t<\/div>\n\n\t\t\n<style>\n#section_1786265849 {\n  padding-top: 0px;\n  padding-bottom: 0px;\n}\n<\/style>\n\t<\/section>\n\t\n\n\n\t\t<\/div>\n\t\t\t\t\t<\/div>\n\n\t\n\n<\/div>","protected":false},"excerpt":{"rendered":"","protected":false},"author":1,"featured_media":0,"parent":0,"menu_order":0,"comment_status":"closed","ping_status":"closed","template":"","meta":{"content-type":"","footnotes":""},"class_list":["post-1018","page","type-page","status-publish","hentry"],"yoast_head":"<!-- This site is optimized with the Yoast SEO plugin v27.3 - https:\/\/yoast.com\/product\/yoast-seo-wordpress\/ -->\n<title>IR _ MALL SV - Heliospectra<\/title>\n<meta name=\"robots\" content=\"index, follow, max-snippet:-1, max-image-preview:large, max-video-preview:-1\" \/>\n<link rel=\"canonical\" href=\"https:\/\/heliospectra.com\/nl\/ir-_-mall-sv\/\" \/>\n<meta property=\"og:locale\" content=\"nl_NL\" \/>\n<meta property=\"og:type\" content=\"article\" \/>\n<meta property=\"og:title\" content=\"IR _ MALL SV - Heliospectra\" \/>\n<meta property=\"og:url\" content=\"https:\/\/heliospectra.com\/nl\/ir-_-mall-sv\/\" \/>\n<meta property=\"og:site_name\" content=\"Heliospectra\" \/>\n<meta name=\"twitter:card\" content=\"summary_large_image\" \/>\n<script type=\"application\/ld+json\" class=\"yoast-schema-graph\">{\"@context\":\"https:\\\/\\\/schema.org\",\"@graph\":[{\"@type\":\"WebPage\",\"@id\":\"https:\\\/\\\/heliospectra.com\\\/ir-_-mall-sv\\\/\",\"url\":\"https:\\\/\\\/heliospectra.com\\\/ir-_-mall-sv\\\/\",\"name\":\"IR _ MALL SV - Heliospectra\",\"isPartOf\":{\"@id\":\"https:\\\/\\\/heliospectra.com\\\/#website\"},\"datePublished\":\"2023-02-20T19:16:45+00:00\",\"breadcrumb\":{\"@id\":\"https:\\\/\\\/heliospectra.com\\\/ir-_-mall-sv\\\/#breadcrumb\"},\"inLanguage\":\"nl-NL\",\"potentialAction\":[{\"@type\":\"ReadAction\",\"target\":[\"https:\\\/\\\/heliospectra.com\\\/ir-_-mall-sv\\\/\"]}]},{\"@type\":\"BreadcrumbList\",\"@id\":\"https:\\\/\\\/heliospectra.com\\\/ir-_-mall-sv\\\/#breadcrumb\",\"itemListElement\":[{\"@type\":\"ListItem\",\"position\":1,\"name\":\"Home\",\"item\":\"https:\\\/\\\/heliospectra.com\\\/\"},{\"@type\":\"ListItem\",\"position\":2,\"name\":\"IR _ MALL SV\"}]},{\"@type\":\"WebSite\",\"@id\":\"https:\\\/\\\/heliospectra.com\\\/#website\",\"url\":\"https:\\\/\\\/heliospectra.com\\\/\",\"name\":\"Heliospectra\",\"description\":\"\",\"potentialAction\":[{\"@type\":\"SearchAction\",\"target\":{\"@type\":\"EntryPoint\",\"urlTemplate\":\"https:\\\/\\\/heliospectra.com\\\/?s={search_term_string}\"},\"query-input\":{\"@type\":\"PropertyValueSpecification\",\"valueRequired\":true,\"valueName\":\"search_term_string\"}}],\"inLanguage\":\"nl-NL\"}]}<\/script>\n<!-- \/ Yoast SEO plugin. -->","yoast_head_json":{"title":"IR _ MALL SV - Heliospectra","robots":{"index":"index","follow":"follow","max-snippet":"max-snippet:-1","max-image-preview":"max-image-preview:large","max-video-preview":"max-video-preview:-1"},"canonical":"https:\/\/heliospectra.com\/nl\/ir-_-mall-sv\/","og_locale":"nl_NL","og_type":"article","og_title":"IR _ MALL SV - Heliospectra","og_url":"https:\/\/heliospectra.com\/nl\/ir-_-mall-sv\/","og_site_name":"Heliospectra","twitter_card":"summary_large_image","schema":{"@context":"https:\/\/schema.org","@graph":[{"@type":"WebPage","@id":"https:\/\/heliospectra.com\/ir-_-mall-sv\/","url":"https:\/\/heliospectra.com\/ir-_-mall-sv\/","name":"IR _ MALL SV - Heliospectra","isPartOf":{"@id":"https:\/\/heliospectra.com\/#website"},"datePublished":"2023-02-20T19:16:45+00:00","breadcrumb":{"@id":"https:\/\/heliospectra.com\/ir-_-mall-sv\/#breadcrumb"},"inLanguage":"nl-NL","potentialAction":[{"@type":"ReadAction","target":["https:\/\/heliospectra.com\/ir-_-mall-sv\/"]}]},{"@type":"BreadcrumbList","@id":"https:\/\/heliospectra.com\/ir-_-mall-sv\/#breadcrumb","itemListElement":[{"@type":"ListItem","position":1,"name":"Home","item":"https:\/\/heliospectra.com\/"},{"@type":"ListItem","position":2,"name":"IR _ MALL SV"}]},{"@type":"WebSite","@id":"https:\/\/heliospectra.com\/#website","url":"https:\/\/heliospectra.com\/","name":"Heliospectra","description":"","potentialAction":[{"@type":"SearchAction","target":{"@type":"EntryPoint","urlTemplate":"https:\/\/heliospectra.com\/?s={search_term_string}"},"query-input":{"@type":"PropertyValueSpecification","valueRequired":true,"valueName":"search_term_string"}}],"inLanguage":"nl-NL"}]}},"_links":{"self":[{"href":"https:\/\/heliospectra.com\/nl\/wp-json\/wp\/v2\/pages\/1018","targetHints":{"allow":["GET"]}}],"collection":[{"href":"https:\/\/heliospectra.com\/nl\/wp-json\/wp\/v2\/pages"}],"about":[{"href":"https:\/\/heliospectra.com\/nl\/wp-json\/wp\/v2\/types\/page"}],"author":[{"embeddable":true,"href":"https:\/\/heliospectra.com\/nl\/wp-json\/wp\/v2\/users\/1"}],"replies":[{"embeddable":true,"href":"https:\/\/heliospectra.com\/nl\/wp-json\/wp\/v2\/comments?post=1018"}],"version-history":[{"count":1,"href":"https:\/\/heliospectra.com\/nl\/wp-json\/wp\/v2\/pages\/1018\/revisions"}],"predecessor-version":[{"id":1019,"href":"https:\/\/heliospectra.com\/nl\/wp-json\/wp\/v2\/pages\/1018\/revisions\/1019"}],"wp:attachment":[{"href":"https:\/\/heliospectra.com\/nl\/wp-json\/wp\/v2\/media?parent=1018"}],"curies":[{"name":"wp","href":"https:\/\/api.w.org\/{rel}","templated":true}]}}