{"id":1055,"date":"2023-02-21T14:20:53","date_gmt":"2023-02-21T14:20:53","guid":{"rendered":"https:\/\/heliospectra.com\/?page_id=1055"},"modified":"2023-02-21T15:36:38","modified_gmt":"2023-02-21T15:36:38","slug":"aktieagare","status":"publish","type":"page","link":"https:\/\/heliospectra.com\/nl_old\/sv-investerarrelationer\/aktien-2\/aktieagare\/","title":{"rendered":"Aktie\u00e4gare"},"content":{"rendered":"\n<div class=\"row row-full-width\"  id=\"row-845218811\">\n\n\n\t<div id=\"col-2045334450\" class=\"col border_right medium-3 small-12 large-3\"  >\n\t\t<div class=\"is-sticky-column\"><div class=\"is-sticky-column__inner\">\t\t<div class=\"col-inner\"  >\n\t\t\t\n\t\t\t\n\n\t<div id=\"gap-1017019685\" class=\"gap-element clearfix\" style=\"display:block; height:auto;\">\n\t\t\n<style>\n#gap-1017019685 {\n  padding-top: 30px;\n}\n<\/style>\n\t<\/div>\n\t\n\n\t<div id=\"gap-1631914075\" class=\"gap-element clearfix\" style=\"display:block; height:auto;\">\n\t\t\n<style>\n#gap-1631914075 {\n  padding-top: 30px;\n}\n<\/style>\n\t<\/div>\n\t\n\n\n\n<div class=\"lang_ir\"><a href=\"\/investor-relations\/investor-relations\/\">EN<\/a><a href=\"\/sv-investerarrelationer\/investerarrelationer\/\" class=\"active\">SV<\/a><\/div>\n\n<div class=\"is-divider divider clearfix\" style=\"max-width:100%;height:1px;\"><\/div>\n\n\n\n<span class=\"h2\" style=\"color:#000;\">Investerarrelationer<\/span>\n\n\t<div id=\"gap-1043391617\" class=\"gap-element clearfix\" style=\"display:block; height:auto;\">\n\t\t\n<style>\n#gap-1043391617 {\n  padding-top: 20px;\n}\n<\/style>\n\t<\/div>\n\t\n\n<div class=\"accordion\">\n\n\t<div id=\"accordion-3814465048\" class=\"accordion-item IR_nav1\">\n\t\t<a id=\"accordion-3814465048-label\" class=\"accordion-title plain\" href=\"#accordion-item-navigation\" aria-expanded=\"false\" aria-controls=\"accordion-3814465048-content\">\n\t\t\t<button class=\"toggle\" aria-label=\"Toggle\"><i class=\"icon-angle-down\" aria-hidden=\"true\"><\/i><\/button>\n\t\t\t<span>Navigation<\/span>\n\t\t<\/a>\n\t\t<div id=\"accordion-3814465048-content\" class=\"accordion-inner\" aria-labelledby=\"accordion-3814465048-label\">\n\t\t\t\n\n\t<div class=\"ux-menu stack stack-col justify-start\">\n\t\t\n\n\t<div class=\"ux-menu-link flex menu-item\">\n\t\t<a class=\"ux-menu-link__link flex\" href=\"https:\/\/heliospectra.com\/nl_old\/sv-investerarrelationer\/investerarrelationer\/\" >\n\t\t\t\t\t\t<span class=\"ux-menu-link__text\">\n\t\t\t\tInvesterarrelationer Hemsida\t\t\t<\/span>\n\t\t<\/a>\n\t<\/div>\n\t\n\n\t<div class=\"ux-menu-link flex menu-item\">\n\t\t<a class=\"ux-menu-link__link flex\" href=\"https:\/\/heliospectra.com\/nl_old\/sv-investerarrelationer\/varfor-investera-heliospectra\/\" >\n\t\t\t\t\t\t<span class=\"ux-menu-link__text\">\n\t\t\t\tVarf\u00f6r investera i Heliospectra\t\t\t<\/span>\n\t\t<\/a>\n\t<\/div>\n\t\n\n\t<div class=\"ux-menu-link flex menu-item\">\n\t\t<a class=\"ux-menu-link__link flex\" href=\"https:\/\/heliospectra.com\/nl_old\/sv-investerarrelationer\/vd-ord\/\" >\n\t\t\t\t\t\t<span class=\"ux-menu-link__text\">\n\t\t\t\tVD-ord\t\t\t<\/span>\n\t\t<\/a>\n\t<\/div>\n\t\n\n\n\t<\/div>\n\t\n<div class=\"accordion\">\n\n\t<div id=\"accordion-2239236618\" class=\"accordion-item IR_nav2\">\n\t\t<a id=\"accordion-2239236618-label\" class=\"accordion-title plain\" href=\"#accordion-item-finansiell-rapporter-filer\" aria-expanded=\"false\" aria-controls=\"accordion-2239236618-content\">\n\t\t\t<button class=\"toggle\" aria-label=\"Toggle\"><i class=\"icon-angle-down\" aria-hidden=\"true\"><\/i><\/button>\n\t\t\t<span>Finansiell Rapporter Filer<\/span>\n\t\t<\/a>\n\t\t<div id=\"accordion-2239236618-content\" class=\"accordion-inner\" aria-labelledby=\"accordion-2239236618-label\">\n\t\t\t\n\n\t<div class=\"ux-menu stack stack-col justify-start\">\n\t\t\n\n\t<div class=\"ux-menu-link flex menu-item\">\n\t\t<a class=\"ux-menu-link__link flex\" href=\"https:\/\/heliospectra.com\/nl_old\/sv-investerarrelationer\/financial-reports-documents\/rapporter\/\" >\n\t\t\t\t\t\t<span class=\"ux-menu-link__text\">\n\t\t\t\tRapporter\t\t\t<\/span>\n\t\t<\/a>\n\t<\/div>\n\t\n\n\t<div class=\"ux-menu-link flex menu-item\">\n\t\t<a class=\"ux-menu-link__link flex\" href=\"https:\/\/heliospectra.com\/nl_old\/sv-investerarrelationer\/financial-reports-documents\/prospekt\/\" >\n\t\t\t\t\t\t<span class=\"ux-menu-link__text\">\n\t\t\t\tProspekt\t\t\t<\/span>\n\t\t<\/a>\n\t<\/div>\n\t\n\n\t<div class=\"ux-menu-link flex menu-item\">\n\t\t<a class=\"ux-menu-link__link flex\" href=\"https:\/\/heliospectra.com\/nl_old\/sv-investerarrelationer\/financial-reports-documents\/analyser\/\" >\n\t\t\t\t\t\t<span class=\"ux-menu-link__text\">\n\t\t\t\tAnalyser\t\t\t<\/span>\n\t\t<\/a>\n\t<\/div>\n\t\n\n\t<div class=\"ux-menu-link flex menu-item\">\n\t\t<a class=\"ux-menu-link__link flex\" href=\"https:\/\/heliospectra.com\/nl_old\/sv-investerarrelationer\/financial-reports-documents\/finansiella-dokument\/\" >\n\t\t\t\t\t\t<span class=\"ux-menu-link__text\">\n\t\t\t\tFinansiella Dokument\t\t\t<\/span>\n\t\t<\/a>\n\t<\/div>\n\t\n\n\n\t<\/div>\n\t\n\n\t\t<\/div>\n\t<\/div>\n\t\n\n<\/div>\n\t<div class=\"ux-menu stack stack-col justify-start\">\n\t\t\n\n\t<div class=\"ux-menu-link flex menu-item\">\n\t\t<a class=\"ux-menu-link__link flex\" href=\"https:\/\/heliospectra.com\/nl_old\/sv-investerarrelationer\/finansiell-kalender\/\" >\n\t\t\t\t\t\t<span class=\"ux-menu-link__text\">\n\t\t\t\tFinansiell Kalender\t\t\t<\/span>\n\t\t<\/a>\n\t<\/div>\n\t\n\n\n\t<\/div>\n\t\n<div class=\"accordion\">\n\n\t<div id=\"accordion-2217916783\" class=\"accordion-item IR_nav2\">\n\t\t<a id=\"accordion-2217916783-label\" class=\"accordion-title plain\" href=\"#accordion-item-aktien\" aria-expanded=\"false\" aria-controls=\"accordion-2217916783-content\">\n\t\t\t<button class=\"toggle\" aria-label=\"Toggle\"><i class=\"icon-angle-down\" aria-hidden=\"true\"><\/i><\/button>\n\t\t\t<span>Aktien<\/span>\n\t\t<\/a>\n\t\t<div id=\"accordion-2217916783-content\" class=\"accordion-inner\" aria-labelledby=\"accordion-2217916783-label\">\n\t\t\t\n\n\t<div class=\"ux-menu stack stack-col justify-start\">\n\t\t\n\n\t<div class=\"ux-menu-link flex menu-item\">\n\t\t<a class=\"ux-menu-link__link flex\" href=\"https:\/\/heliospectra.com\/nl_old\/sv-investerarrelationer\/aktien-2\/aktie-kapital\/\" >\n\t\t\t\t\t\t<span class=\"ux-menu-link__text\">\n\t\t\t\tAktie Kapital\t\t\t<\/span>\n\t\t<\/a>\n\t<\/div>\n\t\n\n\t<div class=\"ux-menu-link flex menu-item\">\n\t\t<a class=\"ux-menu-link__link flex\" href=\"https:\/\/heliospectra.com\/nl_old\/sv-investerarrelationer\/aktien-2\/aktieagare\/\" >\n\t\t\t\t\t\t<span class=\"ux-menu-link__text\">\n\t\t\t\tAktie\u00e4gare\t\t\t<\/span>\n\t\t<\/a>\n\t<\/div>\n\t\n\n\t<div class=\"ux-menu-link flex menu-item\">\n\t\t<a class=\"ux-menu-link__link flex\" href=\"https:\/\/heliospectra.com\/nl_old\/sv-investerarrelationer\/aktien-2\/incitamentprogram\/\" >\n\t\t\t\t\t\t<span class=\"ux-menu-link__text\">\n\t\t\t\tIncitamentprogram\t\t\t<\/span>\n\t\t<\/a>\n\t<\/div>\n\t\n\n\n\t<\/div>\n\t\n\n\t\t<\/div>\n\t<\/div>\n\t\n\t<div id=\"accordion-531338785\" class=\"accordion-item IR_nav2\">\n\t\t<a id=\"accordion-531338785-label\" class=\"accordion-title plain\" href=\"#accordion-item-bolagsstyrning\" aria-expanded=\"false\" aria-controls=\"accordion-531338785-content\">\n\t\t\t<button class=\"toggle\" aria-label=\"Toggle\"><i class=\"icon-angle-down\" aria-hidden=\"true\"><\/i><\/button>\n\t\t\t<span>Bolagsstyrning<\/span>\n\t\t<\/a>\n\t\t<div id=\"accordion-531338785-content\" class=\"accordion-inner\" aria-labelledby=\"accordion-531338785-label\">\n\t\t\t\n\n\t<div class=\"ux-menu stack stack-col justify-start\">\n\t\t\n\n\t<div class=\"ux-menu-link flex menu-item\">\n\t\t<a class=\"ux-menu-link__link flex\" href=\"https:\/\/heliospectra.com\/nl_old\/sv-investerarrelationer\/corporate-governance\/styrelse-revisorer\/\" >\n\t\t\t\t\t\t<span class=\"ux-menu-link__text\">\n\t\t\t\tStyrelse &amp; Revisorer\t\t\t<\/span>\n\t\t<\/a>\n\t<\/div>\n\t\n\n\t<div class=\"ux-menu-link flex menu-item\">\n\t\t<a class=\"ux-menu-link__link flex\" href=\"https:\/\/heliospectra.com\/nl_old\/sv-investerarrelationer\/corporate-governance\/ledningsgruppen\/\" >\n\t\t\t\t\t\t<span class=\"ux-menu-link__text\">\n\t\t\t\tLedningsgruppen\t\t\t<\/span>\n\t\t<\/a>\n\t<\/div>\n\t\n\n\t<div class=\"ux-menu-link flex menu-item\">\n\t\t<a class=\"ux-menu-link__link flex\" href=\"https:\/\/heliospectra.com\/nl_old\/sv-investerarrelationer\/corporate-governance\/bolagsordning\/\" >\n\t\t\t\t\t\t<span class=\"ux-menu-link__text\">\n\t\t\t\tBolagsordning\t\t\t<\/span>\n\t\t<\/a>\n\t<\/div>\n\t\n\n\t<div class=\"ux-menu-link flex menu-item\">\n\t\t<a class=\"ux-menu-link__link flex\" href=\"https:\/\/heliospectra.com\/nl_old\/sv-investerarrelationer\/corporate-governance\/insiders\/\" >\n\t\t\t\t\t\t<span class=\"ux-menu-link__text\">\n\t\t\t\tInsiders\t\t\t<\/span>\n\t\t<\/a>\n\t<\/div>\n\t\n\n\t<div class=\"ux-menu-link flex menu-item\">\n\t\t<a class=\"ux-menu-link__link flex\" href=\"https:\/\/heliospectra.com\/nl_old\/sv-investerarrelationer\/corporate-governance\/arsstamma\/\" >\n\t\t\t\t\t\t<span class=\"ux-menu-link__text\">\n\t\t\t\t\u00c5rsst\u00e4mma\t\t\t<\/span>\n\t\t<\/a>\n\t<\/div>\n\t\n\n\t<div class=\"ux-menu-link flex menu-item\">\n\t\t<a class=\"ux-menu-link__link flex\" href=\"https:\/\/heliospectra.com\/nl_old\/sv-investerarrelationer\/corporate-governance\/nomination-committee\/\" >\n\t\t\t\t\t\t<span class=\"ux-menu-link__text\">\n\t\t\t\tNomination Committee\t\t\t<\/span>\n\t\t<\/a>\n\t<\/div>\n\t\n\n\n\t<\/div>\n\t\n\n\t\t<\/div>\n\t<\/div>\n\t\n\n<\/div>\n\t<div class=\"ux-menu stack stack-col justify-start ux-menu--divider-solid\">\n\t\t\n\n\t<div class=\"ux-menu-link flex menu-item\">\n\t\t<a class=\"ux-menu-link__link flex\" href=\"https:\/\/heliospectra.com\/nl_old\/sv-investerarrelationer\/pressmeddelanden-nyheter\/\" >\n\t\t\t\t\t\t<span class=\"ux-menu-link__text\">\n\t\t\t\tPressmeddelanden &amp; Nyheter\t\t\t<\/span>\n\t\t<\/a>\n\t<\/div>\n\t\n\n\n\t<\/div>\n\t\n\n\n\t\t<\/div>\n\t<\/div>\n\t\n\n<\/div>\n\n\n\t\t<\/div>\n\t\t<\/div><\/div>\t\t\t<\/div>\n\n\t\n\n\t<div id=\"col-1137046091\" class=\"col medium-9 small-12 large-9\"  >\n\t\t\t\t<div class=\"col-inner\"  >\n\t\t\t\n\t\t\t\n\n<div class=\"row\"  id=\"row-200130316\">\n\n\n\t<div id=\"col-1717972681\" class=\"col small-12 large-12\"  >\n\t\t\t\t<div class=\"col-inner\"  >\n\t\t\t\n\t\t\t\n\n\t<div id=\"gap-598182166\" class=\"gap-element clearfix\" style=\"display:block; height:auto;\">\n\t\t\n<style>\n#gap-598182166 {\n  padding-top: 20px;\n}\n<\/style>\n\t<\/div>\n\t\n\n\n\n<span data-text-color=\"primary\">Aktien<\/span>\n\n<h1 class=\"h2\">Aktie\u00e4gare<\/h1>\n\n<div class=\"is-divider divider clearfix\" style=\"max-width:100%;height:1px;\"><\/div>\n\n<div class=\"row\"  id=\"row-1077615948\">\n\n\n\t<div id=\"col-2021718808\" class=\"col medium-8 small-12 large-8\"  >\n\t\t\t\t<div class=\"col-inner\"  >\n\t\t\t\n\t\t\t\n\n\n\n<div>\n  <div class=\"list_item\">\n    <div>Lista \u00f6ver aktie\u00e4gare<\/div>\n    <div>per den 31 december, 2022 <br>\n    <\/div>\n  <\/div>\n  <div class=\"list_item\">\n    <div>\u00c4gare<\/div>\n    <div>Antal aktier \/ %<\/div>\n  <\/div>\n  <div class=\"list_full_row\">\n    <div role=\"list\">\n      <div role=\"list_row\">\n        <div class=\"list_item\">\n          <div class=\"shareholder-name\">Weland St\u00e5l AB<\/div>\n          <div>\n            <div class=\"shareholder-percentage\">25239495<\/div>\n            <div class=\"shareholder-percentage slash\">\/<\/div>\n            <div class=\"shareholder-percentage\">23,7<\/div>\n          <\/div>\n        <\/div>\n      <\/div>\n      <div role=\"list_row\">\n        <div class=\"list_item\">\n          <div class=\"shareholder-name\">Weland V\u00e4rdepapper AB<\/div>\n          <div>\n            <div class=\"shareholder-percentage\">24168541<\/div>\n            <div class=\"shareholder-percentage slash\">\/<\/div>\n            <div class=\"shareholder-percentage\">22,7<\/div>\n          <\/div>\n        <\/div>\n      <\/div>\n      <div role=\"list_row\">\n        <div class=\"list_item\">\n          <div class=\"shareholder-name\">Agartha AB<\/div>\n          <div>\n            <div class=\"shareholder-percentage\">18672256<\/div>\n            <div class=\"shareholder-percentage slash\">\/<\/div>\n            <div class=\"shareholder-percentage\">17,5<\/div>\n          <\/div>\n        <\/div>\n      <\/div>\n      <div role=\"list_row\">\n        <div class=\"list_item\">\n          <div class=\"shareholder-name\">Corespring New Technology AB<\/div>\n          <div>\n            <div class=\"shareholder-percentage\">13785196<\/div>\n            <div class=\"shareholder-percentage slash\">\/<\/div>\n            <div class=\"shareholder-percentage\">12.9%<\/div>\n          <\/div>\n        <\/div>\n      <\/div>\n      <div role=\"list_row\">\n        <div class=\"list_item\">\n          <div class=\"shareholder-name\">Other Shareholders<\/div>\n          <div>\n            <div class=\"shareholder-percentage\">10027008<\/div>\n            <div class=\"shareholder-percentage slash\">\/<\/div>\n            <div class=\"shareholder-percentage\">10,4%<\/div>\n          <\/div>\n        <\/div>\n      <\/div>\n      <div role=\"list_row\">\n        <div class=\"list_item\">\n          <div class=\"shareholder-name\">F\u00f6rs\u00e4kringsaktiebolaget, Avanza Pension<\/div>\n          <div>\n            <div class=\"shareholder-percentage\">2346964<\/div>\n            <div class=\"shareholder-percentage slash\">\/<\/div>\n            <div class=\"shareholder-percentage\">2,2%<\/div>\n          <\/div>\n        <\/div>\n      <\/div>\n      <div role=\"list_row\">\n        <div class=\"list_item\">\n          <div class=\"shareholder-name\">Swedbank F\u00e4rs\u00e4kring<\/div>\n          <div>\n            <div class=\"shareholder-percentage\">1269595<\/div>\n            <div class=\"shareholder-percentage slash\">\/<\/div>\n            <div class=\"shareholder-percentage\">1.2%<\/div>\n          <\/div>\n        <\/div>\n      <\/div>\n      <div role=\"list_row\">\n        <div class=\"list_item\">\n          <div class=\"shareholder-name\">F\u00f6rs\u00e4kringsbolaget Skandia<\/div>\n          <div>\n            <div class=\"shareholder-percentage\">838956<\/div>\n            <div class=\"shareholder-percentage slash\">\/<\/div>\n            <div class=\"shareholder-percentage\">0,8%<\/div>\n          <\/div>\n        <\/div>\n      <\/div>\n      <div role=\"list_row\">\n        <div class=\"list_item\">\n          <div class=\"shareholder-name\">Nordnet Pensionsf\u00f6rs\u00e4kring <\/div>\n          <div>\n            <div class=\"shareholder-percentage\">736308<\/div>\n            <div class=\"shareholder-percentage slash\">\/<\/div>\n            <div class=\"shareholder-percentage\">0,7%<\/div>\n          <\/div>\n        <\/div>\n      <\/div>\n      <div role=\"list_row\">\n        <div class=\"list_item\">\n          <div class=\"shareholder-name\">Magowny invest AB<\/div>\n          <div>\n            <div class=\"shareholder-percentage\">545102<\/div>\n            <div class=\"shareholder-percentage slash\">\/<\/div>\n            <div class=\"shareholder-percentage\">0.5%<\/div>\n          <\/div>\n        <\/div>\n      <\/div>\n      <div role=\"list_row\">\n        <div class=\"list_item\">\n          <div class=\"shareholder-name\">SPP Sverige Plus<\/div>\n          <div>\n            <div class=\"shareholder-percentage\">463905<\/div>\n            <div class=\"shareholder-percentage slash\">\/<\/div>\n            <div class=\"shareholder-percentage\">0,4%<\/div>\n          <\/div>\n        <\/div>\n      <\/div>\n    <\/div>\n  <\/div>\n  <div class=\"list_item\">\n    <div>Total antal aktie\u00e4gare \u00e4r ungef\u00e4r 4 541<\/div>\n    <div>Total: 106 549 474 \/ 100%<\/div>\n  <\/div>\n  <div>Source: Euroclear<\/div>\n<\/div>\n\n\n\t\t<\/div>\n\t\t\t\t\t<\/div>\n\n\t\n\n<\/div>\n\n\t\t<\/div>\n\t\t\t\t\t<\/div>\n\n\t\n\n<\/div>\n<div class=\"is-divider divider clearfix\" style=\"max-width:100%;height:1px;\"><\/div>\n\n\n\t<section class=\"section\" id=\"section_1182735634\">\n\t\t<div class=\"section-bg fill\" >\n\t\t\t\t\t\t\t\t\t\n\t\t\t\n\n\t\t<\/div>\n\n\t\t\n\n\t\t<div class=\"section-content relative\">\n\t\t\t\n\n\t<div id=\"gap-1010764760\" class=\"gap-element clearfix\" style=\"display:block; height:auto;\">\n\t\t\n<style>\n#gap-1010764760 {\n  padding-top: 40px;\n}\n<\/style>\n\t<\/div>\n\t\n\n<div class=\"row\"  id=\"row-519673001\">\n\n\n\t<div id=\"col-1342136209\" class=\"col medium-6 small-12 large-6\"  >\n\t\t\t\t<div class=\"col-inner\"  >\n\t\t\t\n\t\t\t\n\n\t<div class=\"box has-hover   has-hover box-vertical box-text-bottom\" >\n\n\t\t<div class=\"box-image\" style=\"width:25%;\">\n\t\t\t\t\t\t<div class=\"\" >\n\t\t\t\t<img loading=\"lazy\" decoding=\"async\" width=\"500\" height=\"750\" src=\"https:\/\/heliospectra.com\/nl_old\/wp-content\/uploads\/sites\/2\/2023\/02\/5fc49edfbe6020d4850051dd_heliospectra031120_0477-p-500.jpeg\" class=\"attachment-original size-original\" alt=\"\" srcset=\"https:\/\/heliospectra.com\/nl_old\/wp-content\/uploads\/sites\/2\/2023\/02\/5fc49edfbe6020d4850051dd_heliospectra031120_0477-p-500.jpeg 500w, https:\/\/heliospectra.com\/nl_old\/wp-content\/uploads\/sites\/2\/2023\/02\/5fc49edfbe6020d4850051dd_heliospectra031120_0477-p-500-200x300.jpeg 200w, https:\/\/heliospectra.com\/nl_old\/wp-content\/uploads\/sites\/2\/2023\/02\/5fc49edfbe6020d4850051dd_heliospectra031120_0477-p-500-300x450.jpeg 300w\" sizes=\"auto, (max-width: 500px) 100vw, 500px\" \/>\t\t\t\t\t\t\t\t\t\t\t<\/div>\n\t\t\t\t\t<\/div>\n\n\t\t<div class=\"box-text text-center\" >\n\t\t\t<div class=\"box-text-inner\">\n\t\t\t\t\n\n\t<div id=\"text-1211859054\" class=\"text\">\n\t\t\n\n<h2 class=\"h20\"><span data-text-color=\"primary\">IR Kontakt<\/span><\/h2>\n<h2>Rebecca Nordin<\/h2>\n\t\t\n<style>\n#text-1211859054 {\n  text-align: left;\n}\n<\/style>\n\t<\/div>\n\t\n\t<div id=\"text-450544000\" class=\"text h20\">\n\t\t\n\n<p class=\"paragraph-bigger\">Head of IR<\/p>\n\t\t\n<style>\n#text-450544000 {\n  font-size: 1rem;\n  text-align: left;\n}\n<\/style>\n\t<\/div>\n\t\n\t<div id=\"text-3584096003\" class=\"text\">\n\t\t\n\n<p>+46 (0)72 536 8116<br \/>ir@heliospectra.com<\/p>\n\t\t\n<style>\n#text-3584096003 {\n  font-size: 1rem;\n  text-align: left;\n}\n<\/style>\n\t<\/div>\n\t\n\n\t\t\t<\/div>\n\t\t<\/div>\n\t<\/div>\n\t\n\n\t\t<\/div>\n\t\t\t\t\t<\/div>\n\n\t\n\n\t<div id=\"col-594961395\" class=\"col medium-6 small-12 large-6\"  >\n\t\t\t\t<div class=\"col-inner\"  >\n\t\t\t\n\t\t\t\n\n\t<div id=\"gap-1153024491\" class=\"gap-element clearfix\" style=\"display:block; height:auto;\">\n\t\t\n<style>\n#gap-1153024491 {\n  padding-top: 36px;\n}\n<\/style>\n\t<\/div>\n\t\n\n\t<div id=\"text-4039304580\" class=\"text\">\n\t\t\n\n<h2 class=\"h20\"><span data-text-color=\"primary\">Certified Adviser<\/span><\/h2>\r\n<h2>Redeye<\/h2>\n\t\t\n<style>\n#text-4039304580 {\n  text-align: left;\n}\n<\/style>\n\t<\/div>\n\t\n\t<div id=\"text-1726493706\" class=\"text\">\n\t\t\n\n<p>+46 (0)8 121 576 90<br \/>Certifiedadviser@redeye.se<\/p>\n\t\t\n<style>\n#text-1726493706 {\n  font-size: 1rem;\n  text-align: left;\n}\n<\/style>\n\t<\/div>\n\t\n\n\t\t<\/div>\n\t\t\t\t\t<\/div>\n\n\t\n\n<\/div>\n\n\t\t<\/div>\n\n\t\t\n<style>\n#section_1182735634 {\n  padding-top: 0px;\n  padding-bottom: 0px;\n}\n<\/style>\n\t<\/section>\n\t\n\n\n\t\t<\/div>\n\t\t\t\t\t<\/div>\n\n\t\n\n<\/div>\n\n","protected":false},"excerpt":{"rendered":"","protected":false},"author":1,"featured_media":0,"parent":1052,"menu_order":0,"comment_status":"closed","ping_status":"closed","template":"page-blank.php","meta":{"content-type":"","footnotes":""},"class_list":["post-1055","page","type-page","status-publish","hentry"],"yoast_head":"<!-- This site is optimized with the Yoast SEO plugin v27.3 - https:\/\/yoast.com\/product\/yoast-seo-wordpress\/ -->\n<title>Aktie\u00e4gare - Netherlands<\/title>\n<meta name=\"robots\" content=\"index, follow, max-snippet:-1, max-image-preview:large, max-video-preview:-1\" \/>\n<link rel=\"canonical\" href=\"https:\/\/heliospectra.com\/nl_old\/sv-investerarrelationer\/aktien-2\/aktieagare\/\" \/>\n<meta property=\"og:locale\" content=\"en_US\" \/>\n<meta property=\"og:type\" content=\"article\" \/>\n<meta property=\"og:title\" content=\"Aktie\u00e4gare - Netherlands\" \/>\n<meta property=\"og:url\" content=\"https:\/\/heliospectra.com\/nl_old\/sv-investerarrelationer\/aktien-2\/aktieagare\/\" \/>\n<meta property=\"og:site_name\" content=\"Netherlands\" \/>\n<meta property=\"article:modified_time\" content=\"2023-02-21T15:36:38+00:00\" \/>\n<meta name=\"twitter:card\" content=\"summary_large_image\" \/>\n<meta name=\"twitter:label1\" content=\"Est. reading time\" \/>\n\t<meta name=\"twitter:data1\" content=\"1 minute\" \/>\n<script type=\"application\/ld+json\" class=\"yoast-schema-graph\">{\"@context\":\"https:\\\/\\\/schema.org\",\"@graph\":[{\"@type\":\"WebPage\",\"@id\":\"https:\\\/\\\/heliospectra.com\\\/nl_old\\\/sv-investerarrelationer\\\/aktien-2\\\/aktieagare\\\/\",\"url\":\"https:\\\/\\\/heliospectra.com\\\/nl_old\\\/sv-investerarrelationer\\\/aktien-2\\\/aktieagare\\\/\",\"name\":\"Aktie\u00e4gare - Netherlands\",\"isPartOf\":{\"@id\":\"https:\\\/\\\/heliospectra.com\\\/nl_old\\\/#website\"},\"datePublished\":\"2023-02-21T14:20:53+00:00\",\"dateModified\":\"2023-02-21T15:36:38+00:00\",\"breadcrumb\":{\"@id\":\"https:\\\/\\\/heliospectra.com\\\/nl_old\\\/sv-investerarrelationer\\\/aktien-2\\\/aktieagare\\\/#breadcrumb\"},\"inLanguage\":\"en-US\",\"potentialAction\":[{\"@type\":\"ReadAction\",\"target\":[\"https:\\\/\\\/heliospectra.com\\\/nl_old\\\/sv-investerarrelationer\\\/aktien-2\\\/aktieagare\\\/\"]}]},{\"@type\":\"BreadcrumbList\",\"@id\":\"https:\\\/\\\/heliospectra.com\\\/nl_old\\\/sv-investerarrelationer\\\/aktien-2\\\/aktieagare\\\/#breadcrumb\",\"itemListElement\":[{\"@type\":\"ListItem\",\"position\":1,\"name\":\"Home\",\"item\":\"https:\\\/\\\/heliospectra.com\\\/nl_old\\\/\"},{\"@type\":\"ListItem\",\"position\":2,\"name\":\"SV Investerarrelationer\",\"item\":\"https:\\\/\\\/heliospectra.com\\\/nl_old\\\/sv-investerarrelationer\\\/\"},{\"@type\":\"ListItem\",\"position\":3,\"name\":\"Aktien\",\"item\":\"https:\\\/\\\/heliospectra.com\\\/nl_old\\\/sv-investerarrelationer\\\/aktien-2\\\/\"},{\"@type\":\"ListItem\",\"position\":4,\"name\":\"Aktie\u00e4gare\"}]},{\"@type\":\"WebSite\",\"@id\":\"https:\\\/\\\/heliospectra.com\\\/nl_old\\\/#website\",\"url\":\"https:\\\/\\\/heliospectra.com\\\/nl_old\\\/\",\"name\":\"Netherlands\",\"description\":\"Horticulture LED lighting\",\"potentialAction\":[{\"@type\":\"SearchAction\",\"target\":{\"@type\":\"EntryPoint\",\"urlTemplate\":\"https:\\\/\\\/heliospectra.com\\\/nl_old\\\/?s={search_term_string}\"},\"query-input\":{\"@type\":\"PropertyValueSpecification\",\"valueRequired\":true,\"valueName\":\"search_term_string\"}}],\"inLanguage\":\"en-US\"}]}<\/script>\n<!-- \/ Yoast SEO plugin. -->","yoast_head_json":{"title":"Aktie\u00e4gare - Netherlands","robots":{"index":"index","follow":"follow","max-snippet":"max-snippet:-1","max-image-preview":"max-image-preview:large","max-video-preview":"max-video-preview:-1"},"canonical":"https:\/\/heliospectra.com\/nl_old\/sv-investerarrelationer\/aktien-2\/aktieagare\/","og_locale":"en_US","og_type":"article","og_title":"Aktie\u00e4gare - Netherlands","og_url":"https:\/\/heliospectra.com\/nl_old\/sv-investerarrelationer\/aktien-2\/aktieagare\/","og_site_name":"Netherlands","article_modified_time":"2023-02-21T15:36:38+00:00","twitter_card":"summary_large_image","twitter_misc":{"Est. reading time":"1 minute"},"schema":{"@context":"https:\/\/schema.org","@graph":[{"@type":"WebPage","@id":"https:\/\/heliospectra.com\/nl_old\/sv-investerarrelationer\/aktien-2\/aktieagare\/","url":"https:\/\/heliospectra.com\/nl_old\/sv-investerarrelationer\/aktien-2\/aktieagare\/","name":"Aktie\u00e4gare - Netherlands","isPartOf":{"@id":"https:\/\/heliospectra.com\/nl_old\/#website"},"datePublished":"2023-02-21T14:20:53+00:00","dateModified":"2023-02-21T15:36:38+00:00","breadcrumb":{"@id":"https:\/\/heliospectra.com\/nl_old\/sv-investerarrelationer\/aktien-2\/aktieagare\/#breadcrumb"},"inLanguage":"en-US","potentialAction":[{"@type":"ReadAction","target":["https:\/\/heliospectra.com\/nl_old\/sv-investerarrelationer\/aktien-2\/aktieagare\/"]}]},{"@type":"BreadcrumbList","@id":"https:\/\/heliospectra.com\/nl_old\/sv-investerarrelationer\/aktien-2\/aktieagare\/#breadcrumb","itemListElement":[{"@type":"ListItem","position":1,"name":"Home","item":"https:\/\/heliospectra.com\/nl_old\/"},{"@type":"ListItem","position":2,"name":"SV Investerarrelationer","item":"https:\/\/heliospectra.com\/nl_old\/sv-investerarrelationer\/"},{"@type":"ListItem","position":3,"name":"Aktien","item":"https:\/\/heliospectra.com\/nl_old\/sv-investerarrelationer\/aktien-2\/"},{"@type":"ListItem","position":4,"name":"Aktie\u00e4gare"}]},{"@type":"WebSite","@id":"https:\/\/heliospectra.com\/nl_old\/#website","url":"https:\/\/heliospectra.com\/nl_old\/","name":"Netherlands","description":"Horticulture LED lighting","potentialAction":[{"@type":"SearchAction","target":{"@type":"EntryPoint","urlTemplate":"https:\/\/heliospectra.com\/nl_old\/?s={search_term_string}"},"query-input":{"@type":"PropertyValueSpecification","valueRequired":true,"valueName":"search_term_string"}}],"inLanguage":"en-US"}]}},"_links":{"self":[{"href":"https:\/\/heliospectra.com\/nl_old\/wp-json\/wp\/v2\/pages\/1055","targetHints":{"allow":["GET"]}}],"collection":[{"href":"https:\/\/heliospectra.com\/nl_old\/wp-json\/wp\/v2\/pages"}],"about":[{"href":"https:\/\/heliospectra.com\/nl_old\/wp-json\/wp\/v2\/types\/page"}],"author":[{"embeddable":true,"href":"https:\/\/heliospectra.com\/nl_old\/wp-json\/wp\/v2\/users\/1"}],"replies":[{"embeddable":true,"href":"https:\/\/heliospectra.com\/nl_old\/wp-json\/wp\/v2\/comments?post=1055"}],"version-history":[{"count":3,"href":"https:\/\/heliospectra.com\/nl_old\/wp-json\/wp\/v2\/pages\/1055\/revisions"}],"predecessor-version":[{"id":1099,"href":"https:\/\/heliospectra.com\/nl_old\/wp-json\/wp\/v2\/pages\/1055\/revisions\/1099"}],"up":[{"embeddable":true,"href":"https:\/\/heliospectra.com\/nl_old\/wp-json\/wp\/v2\/pages\/1052"}],"wp:attachment":[{"href":"https:\/\/heliospectra.com\/nl_old\/wp-json\/wp\/v2\/media?parent=1055"}],"curies":[{"name":"wp","href":"https:\/\/api.w.org\/{rel}","templated":true}]}}