{"id":1062,"date":"2023-02-21T14:36:15","date_gmt":"2023-02-21T14:36:15","guid":{"rendered":"https:\/\/heliospectra.com\/?page_id=1062"},"modified":"2023-05-26T13:02:04","modified_gmt":"2023-05-26T13:02:04","slug":"arsstamma","status":"publish","type":"page","link":"https:\/\/heliospectra.com\/nl_old\/sv-investerarrelationer\/corporate-governance\/arsstamma\/","title":{"rendered":"\u00c5rsst\u00e4mma"},"content":{"rendered":"\n<div class=\"row row-full-width\"  id=\"row-525222363\">\n\n\n\t<div id=\"col-1401098094\" class=\"col border_right medium-3 small-12 large-3\"  >\n\t\t<div class=\"is-sticky-column\"><div class=\"is-sticky-column__inner\">\t\t<div class=\"col-inner\"  >\n\t\t\t\n\t\t\t\n\n\t<div id=\"gap-1589863191\" class=\"gap-element clearfix\" style=\"display:block; height:auto;\">\n\t\t\n<style>\n#gap-1589863191 {\n  padding-top: 30px;\n}\n<\/style>\n\t<\/div>\n\t\n\n\t<div id=\"gap-308716751\" class=\"gap-element clearfix\" style=\"display:block; height:auto;\">\n\t\t\n<style>\n#gap-308716751 {\n  padding-top: 30px;\n}\n<\/style>\n\t<\/div>\n\t\n\n\n\n<div class=\"lang_ir\"><a href=\"\/investor-relations\/investor-relations\/\">EN<\/a><a href=\"\/sv-investerarrelationer\/investerarrelationer\/\" class=\"active\">SV<\/a><\/div>\n\n<div class=\"is-divider divider clearfix\" style=\"max-width:100%;height:1px;\"><\/div>\n\n\n\n<span class=\"h2\" style=\"color:#000;\">Investerarrelationer<\/span>\n\n\t<div id=\"gap-1107961997\" class=\"gap-element clearfix\" style=\"display:block; height:auto;\">\n\t\t\n<style>\n#gap-1107961997 {\n  padding-top: 20px;\n}\n<\/style>\n\t<\/div>\n\t\n\n<div class=\"accordion\">\n\n\t<div id=\"accordion-2757572595\" class=\"accordion-item IR_nav1\">\n\t\t<a id=\"accordion-2757572595-label\" class=\"accordion-title plain\" href=\"#accordion-item-navigation\" aria-expanded=\"false\" aria-controls=\"accordion-2757572595-content\">\n\t\t\t<button class=\"toggle\" aria-label=\"Toggle\"><i class=\"icon-angle-down\" aria-hidden=\"true\"><\/i><\/button>\n\t\t\t<span>Navigation<\/span>\n\t\t<\/a>\n\t\t<div id=\"accordion-2757572595-content\" class=\"accordion-inner\" aria-labelledby=\"accordion-2757572595-label\">\n\t\t\t\n\n\t<div class=\"ux-menu stack stack-col justify-start\">\n\t\t\n\n\t<div class=\"ux-menu-link flex menu-item\">\n\t\t<a class=\"ux-menu-link__link flex\" href=\"https:\/\/heliospectra.com\/nl_old\/sv-investerarrelationer\/investerarrelationer\/\" >\n\t\t\t\t\t\t<span class=\"ux-menu-link__text\">\n\t\t\t\tInvesterarrelationer Hemsida\t\t\t<\/span>\n\t\t<\/a>\n\t<\/div>\n\t\n\n\t<div class=\"ux-menu-link flex menu-item\">\n\t\t<a class=\"ux-menu-link__link flex\" href=\"https:\/\/heliospectra.com\/nl_old\/sv-investerarrelationer\/varfor-investera-heliospectra\/\" >\n\t\t\t\t\t\t<span class=\"ux-menu-link__text\">\n\t\t\t\tVarf\u00f6r investera i Heliospectra\t\t\t<\/span>\n\t\t<\/a>\n\t<\/div>\n\t\n\n\t<div class=\"ux-menu-link flex menu-item\">\n\t\t<a class=\"ux-menu-link__link flex\" href=\"https:\/\/heliospectra.com\/nl_old\/sv-investerarrelationer\/vd-ord\/\" >\n\t\t\t\t\t\t<span class=\"ux-menu-link__text\">\n\t\t\t\tVD-ord\t\t\t<\/span>\n\t\t<\/a>\n\t<\/div>\n\t\n\n\n\t<\/div>\n\t\n<div class=\"accordion\">\n\n\t<div id=\"accordion-362111023\" class=\"accordion-item IR_nav2\">\n\t\t<a id=\"accordion-362111023-label\" class=\"accordion-title plain\" href=\"#accordion-item-finansiell-rapporter-filer\" aria-expanded=\"false\" aria-controls=\"accordion-362111023-content\">\n\t\t\t<button class=\"toggle\" aria-label=\"Toggle\"><i class=\"icon-angle-down\" aria-hidden=\"true\"><\/i><\/button>\n\t\t\t<span>Finansiell Rapporter Filer<\/span>\n\t\t<\/a>\n\t\t<div id=\"accordion-362111023-content\" class=\"accordion-inner\" aria-labelledby=\"accordion-362111023-label\">\n\t\t\t\n\n\t<div class=\"ux-menu stack stack-col justify-start\">\n\t\t\n\n\t<div class=\"ux-menu-link flex menu-item\">\n\t\t<a class=\"ux-menu-link__link flex\" href=\"https:\/\/heliospectra.com\/nl_old\/sv-investerarrelationer\/financial-reports-documents\/rapporter\/\" >\n\t\t\t\t\t\t<span class=\"ux-menu-link__text\">\n\t\t\t\tRapporter\t\t\t<\/span>\n\t\t<\/a>\n\t<\/div>\n\t\n\n\t<div class=\"ux-menu-link flex menu-item\">\n\t\t<a class=\"ux-menu-link__link flex\" href=\"https:\/\/heliospectra.com\/nl_old\/sv-investerarrelationer\/financial-reports-documents\/prospekt\/\" >\n\t\t\t\t\t\t<span class=\"ux-menu-link__text\">\n\t\t\t\tProspekt\t\t\t<\/span>\n\t\t<\/a>\n\t<\/div>\n\t\n\n\t<div class=\"ux-menu-link flex menu-item\">\n\t\t<a class=\"ux-menu-link__link flex\" href=\"https:\/\/heliospectra.com\/nl_old\/sv-investerarrelationer\/financial-reports-documents\/analyser\/\" >\n\t\t\t\t\t\t<span class=\"ux-menu-link__text\">\n\t\t\t\tAnalyser\t\t\t<\/span>\n\t\t<\/a>\n\t<\/div>\n\t\n\n\t<div class=\"ux-menu-link flex menu-item\">\n\t\t<a class=\"ux-menu-link__link flex\" href=\"https:\/\/heliospectra.com\/nl_old\/sv-investerarrelationer\/financial-reports-documents\/finansiella-dokument\/\" >\n\t\t\t\t\t\t<span class=\"ux-menu-link__text\">\n\t\t\t\tFinansiella Dokument\t\t\t<\/span>\n\t\t<\/a>\n\t<\/div>\n\t\n\n\n\t<\/div>\n\t\n\n\t\t<\/div>\n\t<\/div>\n\t\n\n<\/div>\n\t<div class=\"ux-menu stack stack-col justify-start\">\n\t\t\n\n\t<div class=\"ux-menu-link flex menu-item\">\n\t\t<a class=\"ux-menu-link__link flex\" href=\"https:\/\/heliospectra.com\/nl_old\/sv-investerarrelationer\/finansiell-kalender\/\" >\n\t\t\t\t\t\t<span class=\"ux-menu-link__text\">\n\t\t\t\tFinansiell Kalender\t\t\t<\/span>\n\t\t<\/a>\n\t<\/div>\n\t\n\n\n\t<\/div>\n\t\n<div class=\"accordion\">\n\n\t<div id=\"accordion-304132191\" class=\"accordion-item IR_nav2\">\n\t\t<a id=\"accordion-304132191-label\" class=\"accordion-title plain\" href=\"#accordion-item-aktien\" aria-expanded=\"false\" aria-controls=\"accordion-304132191-content\">\n\t\t\t<button class=\"toggle\" aria-label=\"Toggle\"><i class=\"icon-angle-down\" aria-hidden=\"true\"><\/i><\/button>\n\t\t\t<span>Aktien<\/span>\n\t\t<\/a>\n\t\t<div id=\"accordion-304132191-content\" class=\"accordion-inner\" aria-labelledby=\"accordion-304132191-label\">\n\t\t\t\n\n\t<div class=\"ux-menu stack stack-col justify-start\">\n\t\t\n\n\t<div class=\"ux-menu-link flex menu-item\">\n\t\t<a class=\"ux-menu-link__link flex\" href=\"https:\/\/heliospectra.com\/nl_old\/sv-investerarrelationer\/aktien-2\/aktie-kapital\/\" >\n\t\t\t\t\t\t<span class=\"ux-menu-link__text\">\n\t\t\t\tAktie Kapital\t\t\t<\/span>\n\t\t<\/a>\n\t<\/div>\n\t\n\n\t<div class=\"ux-menu-link flex menu-item\">\n\t\t<a class=\"ux-menu-link__link flex\" href=\"https:\/\/heliospectra.com\/nl_old\/sv-investerarrelationer\/aktien-2\/aktieagare\/\" >\n\t\t\t\t\t\t<span class=\"ux-menu-link__text\">\n\t\t\t\tAktie\u00e4gare\t\t\t<\/span>\n\t\t<\/a>\n\t<\/div>\n\t\n\n\t<div class=\"ux-menu-link flex menu-item\">\n\t\t<a class=\"ux-menu-link__link flex\" href=\"https:\/\/heliospectra.com\/nl_old\/sv-investerarrelationer\/aktien-2\/incitamentprogram\/\" >\n\t\t\t\t\t\t<span class=\"ux-menu-link__text\">\n\t\t\t\tIncitamentprogram\t\t\t<\/span>\n\t\t<\/a>\n\t<\/div>\n\t\n\n\n\t<\/div>\n\t\n\n\t\t<\/div>\n\t<\/div>\n\t\n\t<div id=\"accordion-3155337675\" class=\"accordion-item IR_nav2\">\n\t\t<a id=\"accordion-3155337675-label\" class=\"accordion-title plain\" href=\"#accordion-item-bolagsstyrning\" aria-expanded=\"false\" aria-controls=\"accordion-3155337675-content\">\n\t\t\t<button class=\"toggle\" aria-label=\"Toggle\"><i class=\"icon-angle-down\" aria-hidden=\"true\"><\/i><\/button>\n\t\t\t<span>Bolagsstyrning<\/span>\n\t\t<\/a>\n\t\t<div id=\"accordion-3155337675-content\" class=\"accordion-inner\" aria-labelledby=\"accordion-3155337675-label\">\n\t\t\t\n\n\t<div class=\"ux-menu stack stack-col justify-start\">\n\t\t\n\n\t<div class=\"ux-menu-link flex menu-item\">\n\t\t<a class=\"ux-menu-link__link flex\" href=\"https:\/\/heliospectra.com\/nl_old\/sv-investerarrelationer\/corporate-governance\/styrelse-revisorer\/\" >\n\t\t\t\t\t\t<span class=\"ux-menu-link__text\">\n\t\t\t\tStyrelse &amp; Revisorer\t\t\t<\/span>\n\t\t<\/a>\n\t<\/div>\n\t\n\n\t<div class=\"ux-menu-link flex menu-item\">\n\t\t<a class=\"ux-menu-link__link flex\" href=\"https:\/\/heliospectra.com\/nl_old\/sv-investerarrelationer\/corporate-governance\/ledningsgruppen\/\" >\n\t\t\t\t\t\t<span class=\"ux-menu-link__text\">\n\t\t\t\tLedningsgruppen\t\t\t<\/span>\n\t\t<\/a>\n\t<\/div>\n\t\n\n\t<div class=\"ux-menu-link flex menu-item\">\n\t\t<a class=\"ux-menu-link__link flex\" href=\"https:\/\/heliospectra.com\/nl_old\/sv-investerarrelationer\/corporate-governance\/bolagsordning\/\" >\n\t\t\t\t\t\t<span class=\"ux-menu-link__text\">\n\t\t\t\tBolagsordning\t\t\t<\/span>\n\t\t<\/a>\n\t<\/div>\n\t\n\n\t<div class=\"ux-menu-link flex menu-item\">\n\t\t<a class=\"ux-menu-link__link flex\" href=\"https:\/\/heliospectra.com\/nl_old\/sv-investerarrelationer\/corporate-governance\/insiders\/\" >\n\t\t\t\t\t\t<span class=\"ux-menu-link__text\">\n\t\t\t\tInsiders\t\t\t<\/span>\n\t\t<\/a>\n\t<\/div>\n\t\n\n\t<div class=\"ux-menu-link flex menu-item\">\n\t\t<a class=\"ux-menu-link__link flex\" href=\"https:\/\/heliospectra.com\/nl_old\/sv-investerarrelationer\/corporate-governance\/arsstamma\/\" >\n\t\t\t\t\t\t<span class=\"ux-menu-link__text\">\n\t\t\t\t\u00c5rsst\u00e4mma\t\t\t<\/span>\n\t\t<\/a>\n\t<\/div>\n\t\n\n\t<div class=\"ux-menu-link flex menu-item\">\n\t\t<a class=\"ux-menu-link__link flex\" href=\"https:\/\/heliospectra.com\/nl_old\/sv-investerarrelationer\/corporate-governance\/nomination-committee\/\" >\n\t\t\t\t\t\t<span class=\"ux-menu-link__text\">\n\t\t\t\tNomination Committee\t\t\t<\/span>\n\t\t<\/a>\n\t<\/div>\n\t\n\n\n\t<\/div>\n\t\n\n\t\t<\/div>\n\t<\/div>\n\t\n\n<\/div>\n\t<div class=\"ux-menu stack stack-col justify-start ux-menu--divider-solid\">\n\t\t\n\n\t<div class=\"ux-menu-link flex menu-item\">\n\t\t<a class=\"ux-menu-link__link flex\" href=\"https:\/\/heliospectra.com\/nl_old\/sv-investerarrelationer\/pressmeddelanden-nyheter\/\" >\n\t\t\t\t\t\t<span class=\"ux-menu-link__text\">\n\t\t\t\tPressmeddelanden &amp; Nyheter\t\t\t<\/span>\n\t\t<\/a>\n\t<\/div>\n\t\n\n\n\t<\/div>\n\t\n\n\n\t\t<\/div>\n\t<\/div>\n\t\n\n<\/div>\n\n\n\t\t<\/div>\n\t\t<\/div><\/div>\t\t\t<\/div>\n\n\t\n\n\t<div id=\"col-802079423\" class=\"col medium-9 small-12 large-9\"  >\n\t\t\t\t<div class=\"col-inner\"  >\n\t\t\t\n\t\t\t\n\n<div class=\"row\"  id=\"row-788729638\">\n\n\n\t<div id=\"col-1735795547\" class=\"col small-12 large-12\"  >\n\t\t\t\t<div class=\"col-inner\"  >\n\t\t\t\n\t\t\t\n\n\t<div id=\"gap-749263288\" class=\"gap-element clearfix\" style=\"display:block; height:auto;\">\n\t\t\n<style>\n#gap-749263288 {\n  padding-top: 20px;\n}\n<\/style>\n\t<\/div>\n\t\n\n\n\n<span data-text-color=\"primary\">Bolagsstyrning<\/span>\n\n<h1 class=\"h2\">\u00c5rsst\u00e4mma<\/h1>\n<div class=\"is-divider divider clearfix\" style=\"max-width:100%;height:1px;\"><\/div>\n\n<div class=\"row\"  id=\"row-1591447210\">\n\n\n\t<div id=\"col-272936470\" class=\"col small-12 large-12\"  >\n\t\t\t\t<div class=\"col-inner\"  >\n\t\t\t\n\t\t\t\n\n<h2>Heliospectra \u00c5rsst\u00e4mma 2023<\/h2>\n<p>Heliospectras \u00c5rsm\u00f6te kommer h\u00e5llas den 1 juni 2023 i Heliospectras lokaler p\u00e5 Fiskhamnsgatan 2, 414 58 G\u00f6teborg.<\/p>\n<p>M\u00f6tet startar kl 14:00, registering fr\u00e5n 13:30.<\/p>\n<p><strong>L\u00e4nk f\u00f6r att r\u00f6sta:<br \/><\/strong>L\u00e4nk till att registrera dig: <a href=\"https:\/\/share.hsforms.com\/18nEM7PevQN-gJkzs3_561A460xy\" target=\"_blank\" rel=\"noopener\"><span style=\"text-decoration: underline;\">KLICKA H\u00c4R<\/span><\/a><br \/>Sista dag att registrera dig \u00e4r 26 maj.\u00a0<\/p>\n<p><strong>Dokument:<\/strong><\/p>\n<ul>\n<li><a href=\"\/wp-content\/themes\/flatsome-child\/pdf\/641c210153f73a8c3643f752_Heliospectra AB A\u030arsredovisning 2022 (1).pdf\">Heliospectra \u00c5rsredovisning 2022<\/a><\/li>\n<li><a href=\"https:\/\/heliospectra.com\/press\/kallelse-till-arsstamma-i-heliospectra-ab-publ\/\">Fullst\u00e4ndig kallelse<\/a><\/li>\n<li><a href=\"\/wp-content\/themes\/flatsome-child\/pdf\/642d667abf68b33dcf638ca5_Fullmaktsformula\u0308r a\u030arssta\u0308mma Heliospectra 2023.PDF\">Fullmaktsformul\u00e4r<\/a><\/li>\n<\/ul>\n\n\t\t<\/div>\n\t\t\t\t\t<\/div>\n\n\t\n\n<\/div>\n\n\t\t<\/div>\n\t\t\t\t\t<\/div>\n\n\t\n\n<\/div>\n<div class=\"is-divider divider clearfix\" style=\"max-width:100%;height:1px;\"><\/div>\n\n\n\t<section class=\"section\" id=\"section_1983612008\">\n\t\t<div class=\"section-bg fill\" >\n\t\t\t\t\t\t\t\t\t\n\t\t\t\n\n\t\t<\/div>\n\n\t\t\n\n\t\t<div class=\"section-content relative\">\n\t\t\t\n\n\t<div id=\"gap-1613768733\" class=\"gap-element clearfix\" style=\"display:block; height:auto;\">\n\t\t\n<style>\n#gap-1613768733 {\n  padding-top: 40px;\n}\n<\/style>\n\t<\/div>\n\t\n\n<div class=\"row\"  id=\"row-183681523\">\n\n\n\t<div id=\"col-1276599379\" class=\"col medium-6 small-12 large-6\"  >\n\t\t\t\t<div class=\"col-inner\"  >\n\t\t\t\n\t\t\t\n\n\t<div class=\"box has-hover   has-hover box-vertical box-text-bottom\" >\n\n\t\t<div class=\"box-image\" style=\"width:25%;\">\n\t\t\t\t\t\t<div class=\"\" >\n\t\t\t\t<img loading=\"lazy\" decoding=\"async\" width=\"500\" height=\"750\" src=\"https:\/\/heliospectra.com\/nl_old\/wp-content\/uploads\/sites\/2\/2023\/02\/5fc49edfbe6020d4850051dd_heliospectra031120_0477-p-500.jpeg\" class=\"attachment-original size-original\" alt=\"\" srcset=\"https:\/\/heliospectra.com\/nl_old\/wp-content\/uploads\/sites\/2\/2023\/02\/5fc49edfbe6020d4850051dd_heliospectra031120_0477-p-500.jpeg 500w, https:\/\/heliospectra.com\/nl_old\/wp-content\/uploads\/sites\/2\/2023\/02\/5fc49edfbe6020d4850051dd_heliospectra031120_0477-p-500-200x300.jpeg 200w, https:\/\/heliospectra.com\/nl_old\/wp-content\/uploads\/sites\/2\/2023\/02\/5fc49edfbe6020d4850051dd_heliospectra031120_0477-p-500-300x450.jpeg 300w\" sizes=\"auto, (max-width: 500px) 100vw, 500px\" \/>\t\t\t\t\t\t\t\t\t\t\t<\/div>\n\t\t\t\t\t<\/div>\n\n\t\t<div class=\"box-text text-center\" >\n\t\t\t<div class=\"box-text-inner\">\n\t\t\t\t\n\n\t<div id=\"text-2868253841\" class=\"text\">\n\t\t\n\n<h2 class=\"h20\"><span data-text-color=\"primary\">IR Kontakt<\/span><\/h2>\n<h2>Rebecca Nordin<\/h2>\n\t\t\n<style>\n#text-2868253841 {\n  text-align: left;\n}\n<\/style>\n\t<\/div>\n\t\n\t<div id=\"text-4054542382\" class=\"text h20\">\n\t\t\n\n<p class=\"paragraph-bigger\">Head of IR<\/p>\n\t\t\n<style>\n#text-4054542382 {\n  font-size: 1rem;\n  text-align: left;\n}\n<\/style>\n\t<\/div>\n\t\n\t<div id=\"text-697485481\" class=\"text\">\n\t\t\n\n<p>+46 (0)72 536 8116<br \/>ir@heliospectra.com<\/p>\n\t\t\n<style>\n#text-697485481 {\n  font-size: 1rem;\n  text-align: left;\n}\n<\/style>\n\t<\/div>\n\t\n\n\t\t\t<\/div>\n\t\t<\/div>\n\t<\/div>\n\t\n\n\t\t<\/div>\n\t\t\t\t\t<\/div>\n\n\t\n\n\t<div id=\"col-1991786255\" class=\"col medium-6 small-12 large-6\"  >\n\t\t\t\t<div class=\"col-inner\"  >\n\t\t\t\n\t\t\t\n\n\t<div id=\"gap-2066825193\" class=\"gap-element clearfix\" style=\"display:block; height:auto;\">\n\t\t\n<style>\n#gap-2066825193 {\n  padding-top: 36px;\n}\n<\/style>\n\t<\/div>\n\t\n\n\t<div id=\"text-1482086784\" class=\"text\">\n\t\t\n\n<h2 class=\"h20\"><span data-text-color=\"primary\">Certified Adviser<\/span><\/h2>\r\n<h2>Redeye<\/h2>\n\t\t\n<style>\n#text-1482086784 {\n  text-align: left;\n}\n<\/style>\n\t<\/div>\n\t\n\t<div id=\"text-901268091\" class=\"text\">\n\t\t\n\n<p>+46 (0)8 121 576 90<br \/>Certifiedadviser@redeye.se<\/p>\n\t\t\n<style>\n#text-901268091 {\n  font-size: 1rem;\n  text-align: left;\n}\n<\/style>\n\t<\/div>\n\t\n\n\t\t<\/div>\n\t\t\t\t\t<\/div>\n\n\t\n\n<\/div>\n\n\t\t<\/div>\n\n\t\t\n<style>\n#section_1983612008 {\n  padding-top: 0px;\n  padding-bottom: 0px;\n}\n<\/style>\n\t<\/section>\n\t\n\n\n\t\t<\/div>\n\t\t\t\t\t<\/div>\n\n\t\n\n<\/div>\n\n","protected":false},"excerpt":{"rendered":"","protected":false},"author":1,"featured_media":0,"parent":1060,"menu_order":0,"comment_status":"closed","ping_status":"closed","template":"page-blank.php","meta":{"content-type":"","footnotes":""},"class_list":["post-1062","page","type-page","status-publish","hentry"],"yoast_head":"<!-- This site is optimized with the Yoast SEO plugin v27.3 - https:\/\/yoast.com\/product\/yoast-seo-wordpress\/ -->\n<title>\u00c5rsst\u00e4mma - Netherlands<\/title>\n<meta name=\"robots\" content=\"index, follow, max-snippet:-1, max-image-preview:large, max-video-preview:-1\" \/>\n<link rel=\"canonical\" href=\"https:\/\/heliospectra.com\/nl_old\/sv-investerarrelationer\/corporate-governance\/arsstamma\/\" \/>\n<meta property=\"og:locale\" content=\"en_US\" \/>\n<meta property=\"og:type\" content=\"article\" \/>\n<meta property=\"og:title\" content=\"\u00c5rsst\u00e4mma - Netherlands\" \/>\n<meta property=\"og:url\" content=\"https:\/\/heliospectra.com\/nl_old\/sv-investerarrelationer\/corporate-governance\/arsstamma\/\" \/>\n<meta property=\"og:site_name\" content=\"Netherlands\" \/>\n<meta property=\"article:modified_time\" content=\"2023-05-26T13:02:04+00:00\" \/>\n<meta name=\"twitter:card\" content=\"summary_large_image\" \/>\n<script type=\"application\/ld+json\" class=\"yoast-schema-graph\">{\"@context\":\"https:\\\/\\\/schema.org\",\"@graph\":[{\"@type\":\"WebPage\",\"@id\":\"https:\\\/\\\/heliospectra.com\\\/nl_old\\\/sv-investerarrelationer\\\/corporate-governance\\\/arsstamma\\\/\",\"url\":\"https:\\\/\\\/heliospectra.com\\\/nl_old\\\/sv-investerarrelationer\\\/corporate-governance\\\/arsstamma\\\/\",\"name\":\"\u00c5rsst\u00e4mma - Netherlands\",\"isPartOf\":{\"@id\":\"https:\\\/\\\/heliospectra.com\\\/nl_old\\\/#website\"},\"datePublished\":\"2023-02-21T14:36:15+00:00\",\"dateModified\":\"2023-05-26T13:02:04+00:00\",\"breadcrumb\":{\"@id\":\"https:\\\/\\\/heliospectra.com\\\/nl_old\\\/sv-investerarrelationer\\\/corporate-governance\\\/arsstamma\\\/#breadcrumb\"},\"inLanguage\":\"en-US\",\"potentialAction\":[{\"@type\":\"ReadAction\",\"target\":[\"https:\\\/\\\/heliospectra.com\\\/nl_old\\\/sv-investerarrelationer\\\/corporate-governance\\\/arsstamma\\\/\"]}]},{\"@type\":\"BreadcrumbList\",\"@id\":\"https:\\\/\\\/heliospectra.com\\\/nl_old\\\/sv-investerarrelationer\\\/corporate-governance\\\/arsstamma\\\/#breadcrumb\",\"itemListElement\":[{\"@type\":\"ListItem\",\"position\":1,\"name\":\"Home\",\"item\":\"https:\\\/\\\/heliospectra.com\\\/nl_old\\\/\"},{\"@type\":\"ListItem\",\"position\":2,\"name\":\"SV Investerarrelationer\",\"item\":\"https:\\\/\\\/heliospectra.com\\\/nl_old\\\/sv-investerarrelationer\\\/\"},{\"@type\":\"ListItem\",\"position\":3,\"name\":\"Corporate Governance\",\"item\":\"https:\\\/\\\/heliospectra.com\\\/nl_old\\\/sv-investerarrelationer\\\/corporate-governance\\\/\"},{\"@type\":\"ListItem\",\"position\":4,\"name\":\"\u00c5rsst\u00e4mma\"}]},{\"@type\":\"WebSite\",\"@id\":\"https:\\\/\\\/heliospectra.com\\\/nl_old\\\/#website\",\"url\":\"https:\\\/\\\/heliospectra.com\\\/nl_old\\\/\",\"name\":\"Netherlands\",\"description\":\"Horticulture LED lighting\",\"potentialAction\":[{\"@type\":\"SearchAction\",\"target\":{\"@type\":\"EntryPoint\",\"urlTemplate\":\"https:\\\/\\\/heliospectra.com\\\/nl_old\\\/?s={search_term_string}\"},\"query-input\":{\"@type\":\"PropertyValueSpecification\",\"valueRequired\":true,\"valueName\":\"search_term_string\"}}],\"inLanguage\":\"en-US\"}]}<\/script>\n<!-- \/ Yoast SEO plugin. -->","yoast_head_json":{"title":"\u00c5rsst\u00e4mma - Netherlands","robots":{"index":"index","follow":"follow","max-snippet":"max-snippet:-1","max-image-preview":"max-image-preview:large","max-video-preview":"max-video-preview:-1"},"canonical":"https:\/\/heliospectra.com\/nl_old\/sv-investerarrelationer\/corporate-governance\/arsstamma\/","og_locale":"en_US","og_type":"article","og_title":"\u00c5rsst\u00e4mma - Netherlands","og_url":"https:\/\/heliospectra.com\/nl_old\/sv-investerarrelationer\/corporate-governance\/arsstamma\/","og_site_name":"Netherlands","article_modified_time":"2023-05-26T13:02:04+00:00","twitter_card":"summary_large_image","schema":{"@context":"https:\/\/schema.org","@graph":[{"@type":"WebPage","@id":"https:\/\/heliospectra.com\/nl_old\/sv-investerarrelationer\/corporate-governance\/arsstamma\/","url":"https:\/\/heliospectra.com\/nl_old\/sv-investerarrelationer\/corporate-governance\/arsstamma\/","name":"\u00c5rsst\u00e4mma - Netherlands","isPartOf":{"@id":"https:\/\/heliospectra.com\/nl_old\/#website"},"datePublished":"2023-02-21T14:36:15+00:00","dateModified":"2023-05-26T13:02:04+00:00","breadcrumb":{"@id":"https:\/\/heliospectra.com\/nl_old\/sv-investerarrelationer\/corporate-governance\/arsstamma\/#breadcrumb"},"inLanguage":"en-US","potentialAction":[{"@type":"ReadAction","target":["https:\/\/heliospectra.com\/nl_old\/sv-investerarrelationer\/corporate-governance\/arsstamma\/"]}]},{"@type":"BreadcrumbList","@id":"https:\/\/heliospectra.com\/nl_old\/sv-investerarrelationer\/corporate-governance\/arsstamma\/#breadcrumb","itemListElement":[{"@type":"ListItem","position":1,"name":"Home","item":"https:\/\/heliospectra.com\/nl_old\/"},{"@type":"ListItem","position":2,"name":"SV Investerarrelationer","item":"https:\/\/heliospectra.com\/nl_old\/sv-investerarrelationer\/"},{"@type":"ListItem","position":3,"name":"Corporate Governance","item":"https:\/\/heliospectra.com\/nl_old\/sv-investerarrelationer\/corporate-governance\/"},{"@type":"ListItem","position":4,"name":"\u00c5rsst\u00e4mma"}]},{"@type":"WebSite","@id":"https:\/\/heliospectra.com\/nl_old\/#website","url":"https:\/\/heliospectra.com\/nl_old\/","name":"Netherlands","description":"Horticulture LED lighting","potentialAction":[{"@type":"SearchAction","target":{"@type":"EntryPoint","urlTemplate":"https:\/\/heliospectra.com\/nl_old\/?s={search_term_string}"},"query-input":{"@type":"PropertyValueSpecification","valueRequired":true,"valueName":"search_term_string"}}],"inLanguage":"en-US"}]}},"_links":{"self":[{"href":"https:\/\/heliospectra.com\/nl_old\/wp-json\/wp\/v2\/pages\/1062","targetHints":{"allow":["GET"]}}],"collection":[{"href":"https:\/\/heliospectra.com\/nl_old\/wp-json\/wp\/v2\/pages"}],"about":[{"href":"https:\/\/heliospectra.com\/nl_old\/wp-json\/wp\/v2\/types\/page"}],"author":[{"embeddable":true,"href":"https:\/\/heliospectra.com\/nl_old\/wp-json\/wp\/v2\/users\/1"}],"replies":[{"embeddable":true,"href":"https:\/\/heliospectra.com\/nl_old\/wp-json\/wp\/v2\/comments?post=1062"}],"version-history":[{"count":10,"href":"https:\/\/heliospectra.com\/nl_old\/wp-json\/wp\/v2\/pages\/1062\/revisions"}],"predecessor-version":[{"id":3993,"href":"https:\/\/heliospectra.com\/nl_old\/wp-json\/wp\/v2\/pages\/1062\/revisions\/3993"}],"up":[{"embeddable":true,"href":"https:\/\/heliospectra.com\/nl_old\/wp-json\/wp\/v2\/pages\/1060"}],"wp:attachment":[{"href":"https:\/\/heliospectra.com\/nl_old\/wp-json\/wp\/v2\/media?parent=1062"}],"curies":[{"name":"wp","href":"https:\/\/api.w.org\/{rel}","templated":true}]}}