{"id":1067,"date":"2023-02-21T14:38:32","date_gmt":"2023-02-21T14:38:32","guid":{"rendered":"https:\/\/heliospectra.com\/?page_id=1067"},"modified":"2023-02-21T16:01:45","modified_gmt":"2023-02-21T16:01:45","slug":"nomination-committee","status":"publish","type":"page","link":"https:\/\/heliospectra.com\/nl_old\/sv-investerarrelationer\/corporate-governance\/nomination-committee\/","title":{"rendered":"Nomination Committee"},"content":{"rendered":"\n<div class=\"row row-full-width\"  id=\"row-1703593771\">\n\n\n\t<div id=\"col-139032213\" class=\"col border_right medium-3 small-12 large-3\"  >\n\t\t<div class=\"is-sticky-column\"><div class=\"is-sticky-column__inner\">\t\t<div class=\"col-inner\"  >\n\t\t\t\n\t\t\t\n\n\t<div id=\"gap-2054686861\" class=\"gap-element clearfix\" style=\"display:block; height:auto;\">\n\t\t\n<style>\n#gap-2054686861 {\n  padding-top: 30px;\n}\n<\/style>\n\t<\/div>\n\t\n\n\t<div id=\"gap-22659025\" class=\"gap-element clearfix\" style=\"display:block; height:auto;\">\n\t\t\n<style>\n#gap-22659025 {\n  padding-top: 30px;\n}\n<\/style>\n\t<\/div>\n\t\n\n\n\n<div class=\"lang_ir\"><a href=\"\/investor-relations\/investor-relations\/\">EN<\/a><a href=\"\/sv-investerarrelationer\/investerarrelationer\/\" class=\"active\">SV<\/a><\/div>\n\n<div class=\"is-divider divider clearfix\" style=\"max-width:100%;height:1px;\"><\/div>\n\n\n\n<span class=\"h2\" style=\"color:#000;\">Investerarrelationer<\/span>\n\n\t<div id=\"gap-383206247\" class=\"gap-element clearfix\" style=\"display:block; height:auto;\">\n\t\t\n<style>\n#gap-383206247 {\n  padding-top: 20px;\n}\n<\/style>\n\t<\/div>\n\t\n\n<div class=\"accordion\">\n\n\t<div id=\"accordion-4117810180\" class=\"accordion-item IR_nav1\">\n\t\t<a id=\"accordion-4117810180-label\" class=\"accordion-title plain\" href=\"#accordion-item-navigation\" aria-expanded=\"false\" aria-controls=\"accordion-4117810180-content\">\n\t\t\t<button class=\"toggle\" aria-label=\"Toggle\"><i class=\"icon-angle-down\" aria-hidden=\"true\"><\/i><\/button>\n\t\t\t<span>Navigation<\/span>\n\t\t<\/a>\n\t\t<div id=\"accordion-4117810180-content\" class=\"accordion-inner\" aria-labelledby=\"accordion-4117810180-label\">\n\t\t\t\n\n\t<div class=\"ux-menu stack stack-col justify-start\">\n\t\t\n\n\t<div class=\"ux-menu-link flex menu-item\">\n\t\t<a class=\"ux-menu-link__link flex\" href=\"https:\/\/heliospectra.com\/nl_old\/sv-investerarrelationer\/investerarrelationer\/\" >\n\t\t\t\t\t\t<span class=\"ux-menu-link__text\">\n\t\t\t\tInvesterarrelationer Hemsida\t\t\t<\/span>\n\t\t<\/a>\n\t<\/div>\n\t\n\n\t<div class=\"ux-menu-link flex menu-item\">\n\t\t<a class=\"ux-menu-link__link flex\" href=\"https:\/\/heliospectra.com\/nl_old\/sv-investerarrelationer\/varfor-investera-heliospectra\/\" >\n\t\t\t\t\t\t<span class=\"ux-menu-link__text\">\n\t\t\t\tVarf\u00f6r investera i Heliospectra\t\t\t<\/span>\n\t\t<\/a>\n\t<\/div>\n\t\n\n\t<div class=\"ux-menu-link flex menu-item\">\n\t\t<a class=\"ux-menu-link__link flex\" href=\"https:\/\/heliospectra.com\/nl_old\/sv-investerarrelationer\/vd-ord\/\" >\n\t\t\t\t\t\t<span class=\"ux-menu-link__text\">\n\t\t\t\tVD-ord\t\t\t<\/span>\n\t\t<\/a>\n\t<\/div>\n\t\n\n\n\t<\/div>\n\t\n<div class=\"accordion\">\n\n\t<div id=\"accordion-228057925\" class=\"accordion-item IR_nav2\">\n\t\t<a id=\"accordion-228057925-label\" class=\"accordion-title plain\" href=\"#accordion-item-finansiell-rapporter-filer\" aria-expanded=\"false\" aria-controls=\"accordion-228057925-content\">\n\t\t\t<button class=\"toggle\" aria-label=\"Toggle\"><i class=\"icon-angle-down\" aria-hidden=\"true\"><\/i><\/button>\n\t\t\t<span>Finansiell Rapporter Filer<\/span>\n\t\t<\/a>\n\t\t<div id=\"accordion-228057925-content\" class=\"accordion-inner\" aria-labelledby=\"accordion-228057925-label\">\n\t\t\t\n\n\t<div class=\"ux-menu stack stack-col justify-start\">\n\t\t\n\n\t<div class=\"ux-menu-link flex menu-item\">\n\t\t<a class=\"ux-menu-link__link flex\" href=\"https:\/\/heliospectra.com\/nl_old\/sv-investerarrelationer\/financial-reports-documents\/rapporter\/\" >\n\t\t\t\t\t\t<span class=\"ux-menu-link__text\">\n\t\t\t\tRapporter\t\t\t<\/span>\n\t\t<\/a>\n\t<\/div>\n\t\n\n\t<div class=\"ux-menu-link flex menu-item\">\n\t\t<a class=\"ux-menu-link__link flex\" href=\"https:\/\/heliospectra.com\/nl_old\/sv-investerarrelationer\/financial-reports-documents\/prospekt\/\" >\n\t\t\t\t\t\t<span class=\"ux-menu-link__text\">\n\t\t\t\tProspekt\t\t\t<\/span>\n\t\t<\/a>\n\t<\/div>\n\t\n\n\t<div class=\"ux-menu-link flex menu-item\">\n\t\t<a class=\"ux-menu-link__link flex\" href=\"https:\/\/heliospectra.com\/nl_old\/sv-investerarrelationer\/financial-reports-documents\/analyser\/\" >\n\t\t\t\t\t\t<span class=\"ux-menu-link__text\">\n\t\t\t\tAnalyser\t\t\t<\/span>\n\t\t<\/a>\n\t<\/div>\n\t\n\n\t<div class=\"ux-menu-link flex menu-item\">\n\t\t<a class=\"ux-menu-link__link flex\" href=\"https:\/\/heliospectra.com\/nl_old\/sv-investerarrelationer\/financial-reports-documents\/finansiella-dokument\/\" >\n\t\t\t\t\t\t<span class=\"ux-menu-link__text\">\n\t\t\t\tFinansiella Dokument\t\t\t<\/span>\n\t\t<\/a>\n\t<\/div>\n\t\n\n\n\t<\/div>\n\t\n\n\t\t<\/div>\n\t<\/div>\n\t\n\n<\/div>\n\t<div class=\"ux-menu stack stack-col justify-start\">\n\t\t\n\n\t<div class=\"ux-menu-link flex menu-item\">\n\t\t<a class=\"ux-menu-link__link flex\" href=\"https:\/\/heliospectra.com\/nl_old\/sv-investerarrelationer\/finansiell-kalender\/\" >\n\t\t\t\t\t\t<span class=\"ux-menu-link__text\">\n\t\t\t\tFinansiell Kalender\t\t\t<\/span>\n\t\t<\/a>\n\t<\/div>\n\t\n\n\n\t<\/div>\n\t\n<div class=\"accordion\">\n\n\t<div id=\"accordion-3604151093\" class=\"accordion-item IR_nav2\">\n\t\t<a id=\"accordion-3604151093-label\" class=\"accordion-title plain\" href=\"#accordion-item-aktien\" aria-expanded=\"false\" aria-controls=\"accordion-3604151093-content\">\n\t\t\t<button class=\"toggle\" aria-label=\"Toggle\"><i class=\"icon-angle-down\" aria-hidden=\"true\"><\/i><\/button>\n\t\t\t<span>Aktien<\/span>\n\t\t<\/a>\n\t\t<div id=\"accordion-3604151093-content\" class=\"accordion-inner\" aria-labelledby=\"accordion-3604151093-label\">\n\t\t\t\n\n\t<div class=\"ux-menu stack stack-col justify-start\">\n\t\t\n\n\t<div class=\"ux-menu-link flex menu-item\">\n\t\t<a class=\"ux-menu-link__link flex\" href=\"https:\/\/heliospectra.com\/nl_old\/sv-investerarrelationer\/aktien-2\/aktie-kapital\/\" >\n\t\t\t\t\t\t<span class=\"ux-menu-link__text\">\n\t\t\t\tAktie Kapital\t\t\t<\/span>\n\t\t<\/a>\n\t<\/div>\n\t\n\n\t<div class=\"ux-menu-link flex menu-item\">\n\t\t<a class=\"ux-menu-link__link flex\" href=\"https:\/\/heliospectra.com\/nl_old\/sv-investerarrelationer\/aktien-2\/aktieagare\/\" >\n\t\t\t\t\t\t<span class=\"ux-menu-link__text\">\n\t\t\t\tAktie\u00e4gare\t\t\t<\/span>\n\t\t<\/a>\n\t<\/div>\n\t\n\n\t<div class=\"ux-menu-link flex menu-item\">\n\t\t<a class=\"ux-menu-link__link flex\" href=\"https:\/\/heliospectra.com\/nl_old\/sv-investerarrelationer\/aktien-2\/incitamentprogram\/\" >\n\t\t\t\t\t\t<span class=\"ux-menu-link__text\">\n\t\t\t\tIncitamentprogram\t\t\t<\/span>\n\t\t<\/a>\n\t<\/div>\n\t\n\n\n\t<\/div>\n\t\n\n\t\t<\/div>\n\t<\/div>\n\t\n\t<div id=\"accordion-310330074\" class=\"accordion-item IR_nav2\">\n\t\t<a id=\"accordion-310330074-label\" class=\"accordion-title plain\" href=\"#accordion-item-bolagsstyrning\" aria-expanded=\"false\" aria-controls=\"accordion-310330074-content\">\n\t\t\t<button class=\"toggle\" aria-label=\"Toggle\"><i class=\"icon-angle-down\" aria-hidden=\"true\"><\/i><\/button>\n\t\t\t<span>Bolagsstyrning<\/span>\n\t\t<\/a>\n\t\t<div id=\"accordion-310330074-content\" class=\"accordion-inner\" aria-labelledby=\"accordion-310330074-label\">\n\t\t\t\n\n\t<div class=\"ux-menu stack stack-col justify-start\">\n\t\t\n\n\t<div class=\"ux-menu-link flex menu-item\">\n\t\t<a class=\"ux-menu-link__link flex\" href=\"https:\/\/heliospectra.com\/nl_old\/sv-investerarrelationer\/corporate-governance\/styrelse-revisorer\/\" >\n\t\t\t\t\t\t<span class=\"ux-menu-link__text\">\n\t\t\t\tStyrelse &amp; Revisorer\t\t\t<\/span>\n\t\t<\/a>\n\t<\/div>\n\t\n\n\t<div class=\"ux-menu-link flex menu-item\">\n\t\t<a class=\"ux-menu-link__link flex\" href=\"https:\/\/heliospectra.com\/nl_old\/sv-investerarrelationer\/corporate-governance\/ledningsgruppen\/\" >\n\t\t\t\t\t\t<span class=\"ux-menu-link__text\">\n\t\t\t\tLedningsgruppen\t\t\t<\/span>\n\t\t<\/a>\n\t<\/div>\n\t\n\n\t<div class=\"ux-menu-link flex menu-item\">\n\t\t<a class=\"ux-menu-link__link flex\" href=\"https:\/\/heliospectra.com\/nl_old\/sv-investerarrelationer\/corporate-governance\/bolagsordning\/\" >\n\t\t\t\t\t\t<span class=\"ux-menu-link__text\">\n\t\t\t\tBolagsordning\t\t\t<\/span>\n\t\t<\/a>\n\t<\/div>\n\t\n\n\t<div class=\"ux-menu-link flex menu-item\">\n\t\t<a class=\"ux-menu-link__link flex\" href=\"https:\/\/heliospectra.com\/nl_old\/sv-investerarrelationer\/corporate-governance\/insiders\/\" >\n\t\t\t\t\t\t<span class=\"ux-menu-link__text\">\n\t\t\t\tInsiders\t\t\t<\/span>\n\t\t<\/a>\n\t<\/div>\n\t\n\n\t<div class=\"ux-menu-link flex menu-item\">\n\t\t<a class=\"ux-menu-link__link flex\" href=\"https:\/\/heliospectra.com\/nl_old\/sv-investerarrelationer\/corporate-governance\/arsstamma\/\" >\n\t\t\t\t\t\t<span class=\"ux-menu-link__text\">\n\t\t\t\t\u00c5rsst\u00e4mma\t\t\t<\/span>\n\t\t<\/a>\n\t<\/div>\n\t\n\n\t<div class=\"ux-menu-link flex menu-item\">\n\t\t<a class=\"ux-menu-link__link flex\" href=\"https:\/\/heliospectra.com\/nl_old\/sv-investerarrelationer\/corporate-governance\/nomination-committee\/\" >\n\t\t\t\t\t\t<span class=\"ux-menu-link__text\">\n\t\t\t\tNomination Committee\t\t\t<\/span>\n\t\t<\/a>\n\t<\/div>\n\t\n\n\n\t<\/div>\n\t\n\n\t\t<\/div>\n\t<\/div>\n\t\n\n<\/div>\n\t<div class=\"ux-menu stack stack-col justify-start ux-menu--divider-solid\">\n\t\t\n\n\t<div class=\"ux-menu-link flex menu-item\">\n\t\t<a class=\"ux-menu-link__link flex\" href=\"https:\/\/heliospectra.com\/nl_old\/sv-investerarrelationer\/pressmeddelanden-nyheter\/\" >\n\t\t\t\t\t\t<span class=\"ux-menu-link__text\">\n\t\t\t\tPressmeddelanden &amp; Nyheter\t\t\t<\/span>\n\t\t<\/a>\n\t<\/div>\n\t\n\n\n\t<\/div>\n\t\n\n\n\t\t<\/div>\n\t<\/div>\n\t\n\n<\/div>\n\n\n\t\t<\/div>\n\t\t<\/div><\/div>\t\t\t<\/div>\n\n\t\n\n\t<div id=\"col-1244720832\" class=\"col medium-9 small-12 large-9\"  >\n\t\t\t\t<div class=\"col-inner\"  >\n\t\t\t\n\t\t\t\n\n<div class=\"row\"  id=\"row-188457749\">\n\n\n\t<div id=\"col-1666958650\" class=\"col small-12 large-12\"  >\n\t\t\t\t<div class=\"col-inner\"  >\n\t\t\t\n\t\t\t\n\n\t<div id=\"gap-886516824\" class=\"gap-element clearfix\" style=\"display:block; height:auto;\">\n\t\t\n<style>\n#gap-886516824 {\n  padding-top: 20px;\n}\n<\/style>\n\t<\/div>\n\t\n\n\n\n<span data-text-color=\"primary\">Bolagsstyrning<\/span>\n\n<h1 class=\"h2\">Valberedning<\/h1>\n\n<div class=\"is-divider divider clearfix\" style=\"max-width:100%;height:1px;\"><\/div>\n\n<div class=\"row\"  id=\"row-9669438\">\n\n\n\t<div id=\"col-710691535\" class=\"col small-12 large-12\"  >\n\t\t\t\t<div class=\"col-inner\"  >\n\t\t\t\n\t\t\t\n\n<h2>Heliospectras valberedning f\u00f6r \u00e5rsst\u00e4mma 2020<\/h2>\n<p>Valberedningen har till uppgift att f\u00f6rbereda f\u00f6rslag f\u00f6r f\u00f6ljande \u00e4renden som ska l\u00e4ggas fram f\u00f6r\u00e5rsst\u00e4mman f\u00f6r beslut: F\u00f6rslag till ordf\u00f6rande f\u00f6r st\u00e4mman; f\u00f6rstyrelseledam\u00f6ter och styrelseordf\u00f6rande, ers\u00e4ttningar till styrelseledam\u00f6ter f\u00f6r kommitt\u00e9arbete; f\u00f6rslag till revisorer, arvoden till bolagets revisorer och f\u00f6rslag till valberedningens sammans\u00e4ttning.<\/p>\n<h4><span data-text-color=\"primary\">VALBEREDNINGEN 2020 BEST\u00c5R AV:<\/span><\/h4>\n<p>\u2022 Staffan Gunnarsson, utsedd av Weland Group (valberedningens ordf\u00f6rande).<\/p>\n<p>\u2022 Greg Dingizian, utsedd av ADMA F\u00f6rvaltnings AB.<\/p>\n<p>\u2022 G\u00f6ran Linder, utsedd av Midroc New Technology AB.<\/p>\n<p>\u2022 Andreas Gunnarsson, sammankallande, utsedd av Heliospectra AB.<\/p>\n\n\t\t<\/div>\n\t\t\t\t\t<\/div>\n\n\t\n\n<\/div>\n\n\t\t<\/div>\n\t\t\t\t\t<\/div>\n\n\t\n\n<\/div>\n<div class=\"is-divider divider clearfix\" style=\"max-width:100%;height:1px;\"><\/div>\n\n\n\t<section class=\"section\" id=\"section_597032259\">\n\t\t<div class=\"section-bg fill\" >\n\t\t\t\t\t\t\t\t\t\n\t\t\t\n\n\t\t<\/div>\n\n\t\t\n\n\t\t<div class=\"section-content relative\">\n\t\t\t\n\n\t<div id=\"gap-2011124408\" class=\"gap-element clearfix\" style=\"display:block; height:auto;\">\n\t\t\n<style>\n#gap-2011124408 {\n  padding-top: 40px;\n}\n<\/style>\n\t<\/div>\n\t\n\n<div class=\"row\"  id=\"row-1486576525\">\n\n\n\t<div id=\"col-1940618468\" class=\"col medium-6 small-12 large-6\"  >\n\t\t\t\t<div class=\"col-inner\"  >\n\t\t\t\n\t\t\t\n\n\t<div class=\"box has-hover   has-hover box-vertical box-text-bottom\" >\n\n\t\t<div class=\"box-image\" style=\"width:25%;\">\n\t\t\t\t\t\t<div class=\"\" >\n\t\t\t\t<img loading=\"lazy\" decoding=\"async\" width=\"500\" height=\"750\" src=\"https:\/\/heliospectra.com\/nl_old\/wp-content\/uploads\/sites\/2\/2023\/02\/5fc49edfbe6020d4850051dd_heliospectra031120_0477-p-500.jpeg\" class=\"attachment-original size-original\" alt=\"\" srcset=\"https:\/\/heliospectra.com\/nl_old\/wp-content\/uploads\/sites\/2\/2023\/02\/5fc49edfbe6020d4850051dd_heliospectra031120_0477-p-500.jpeg 500w, https:\/\/heliospectra.com\/nl_old\/wp-content\/uploads\/sites\/2\/2023\/02\/5fc49edfbe6020d4850051dd_heliospectra031120_0477-p-500-200x300.jpeg 200w, https:\/\/heliospectra.com\/nl_old\/wp-content\/uploads\/sites\/2\/2023\/02\/5fc49edfbe6020d4850051dd_heliospectra031120_0477-p-500-300x450.jpeg 300w\" sizes=\"auto, (max-width: 500px) 100vw, 500px\" \/>\t\t\t\t\t\t\t\t\t\t\t<\/div>\n\t\t\t\t\t<\/div>\n\n\t\t<div class=\"box-text text-center\" >\n\t\t\t<div class=\"box-text-inner\">\n\t\t\t\t\n\n\t<div id=\"text-2022597837\" class=\"text\">\n\t\t\n\n<h2 class=\"h20\"><span data-text-color=\"primary\">IR Kontakt<\/span><\/h2>\n<h2>Rebecca Nordin<\/h2>\n\t\t\n<style>\n#text-2022597837 {\n  text-align: left;\n}\n<\/style>\n\t<\/div>\n\t\n\t<div id=\"text-3939305079\" class=\"text h20\">\n\t\t\n\n<p class=\"paragraph-bigger\">Head of IR<\/p>\n\t\t\n<style>\n#text-3939305079 {\n  font-size: 1rem;\n  text-align: left;\n}\n<\/style>\n\t<\/div>\n\t\n\t<div id=\"text-2988317301\" class=\"text\">\n\t\t\n\n<p>+46 (0)72 536 8116<br \/>ir@heliospectra.com<\/p>\n\t\t\n<style>\n#text-2988317301 {\n  font-size: 1rem;\n  text-align: left;\n}\n<\/style>\n\t<\/div>\n\t\n\n\t\t\t<\/div>\n\t\t<\/div>\n\t<\/div>\n\t\n\n\t\t<\/div>\n\t\t\t\t\t<\/div>\n\n\t\n\n\t<div id=\"col-1779721092\" class=\"col medium-6 small-12 large-6\"  >\n\t\t\t\t<div class=\"col-inner\"  >\n\t\t\t\n\t\t\t\n\n\t<div id=\"gap-1458510328\" class=\"gap-element clearfix\" style=\"display:block; height:auto;\">\n\t\t\n<style>\n#gap-1458510328 {\n  padding-top: 36px;\n}\n<\/style>\n\t<\/div>\n\t\n\n\t<div id=\"text-531490819\" class=\"text\">\n\t\t\n\n<h2 class=\"h20\"><span data-text-color=\"primary\">Certified Adviser<\/span><\/h2>\r\n<h2>Redeye<\/h2>\n\t\t\n<style>\n#text-531490819 {\n  text-align: left;\n}\n<\/style>\n\t<\/div>\n\t\n\t<div id=\"text-2009191733\" class=\"text\">\n\t\t\n\n<p>+46 (0)8 121 576 90<br \/>Certifiedadviser@redeye.se<\/p>\n\t\t\n<style>\n#text-2009191733 {\n  font-size: 1rem;\n  text-align: left;\n}\n<\/style>\n\t<\/div>\n\t\n\n\t\t<\/div>\n\t\t\t\t\t<\/div>\n\n\t\n\n<\/div>\n\n\t\t<\/div>\n\n\t\t\n<style>\n#section_597032259 {\n  padding-top: 0px;\n  padding-bottom: 0px;\n}\n<\/style>\n\t<\/section>\n\t\n\n\n\t\t<\/div>\n\t\t\t\t\t<\/div>\n\n\t\n\n<\/div>\n\n","protected":false},"excerpt":{"rendered":"","protected":false},"author":1,"featured_media":0,"parent":1060,"menu_order":0,"comment_status":"closed","ping_status":"closed","template":"page-blank.php","meta":{"content-type":"","footnotes":""},"class_list":["post-1067","page","type-page","status-publish","hentry"],"yoast_head":"<!-- This site is optimized with the Yoast SEO plugin v27.3 - https:\/\/yoast.com\/product\/yoast-seo-wordpress\/ -->\n<title>Nomination Committee - Netherlands<\/title>\n<meta name=\"robots\" content=\"index, follow, max-snippet:-1, max-image-preview:large, max-video-preview:-1\" \/>\n<link rel=\"canonical\" href=\"https:\/\/heliospectra.com\/nl_old\/sv-investerarrelationer\/corporate-governance\/nomination-committee\/\" \/>\n<meta property=\"og:locale\" content=\"en_US\" \/>\n<meta property=\"og:type\" content=\"article\" \/>\n<meta property=\"og:title\" content=\"Nomination Committee - Netherlands\" \/>\n<meta property=\"og:url\" content=\"https:\/\/heliospectra.com\/nl_old\/sv-investerarrelationer\/corporate-governance\/nomination-committee\/\" \/>\n<meta property=\"og:site_name\" content=\"Netherlands\" \/>\n<meta property=\"article:modified_time\" content=\"2023-02-21T16:01:45+00:00\" \/>\n<meta name=\"twitter:card\" content=\"summary_large_image\" \/>\n<meta name=\"twitter:label1\" content=\"Est. reading time\" \/>\n\t<meta name=\"twitter:data1\" content=\"1 minute\" \/>\n<script type=\"application\/ld+json\" class=\"yoast-schema-graph\">{\"@context\":\"https:\\\/\\\/schema.org\",\"@graph\":[{\"@type\":\"WebPage\",\"@id\":\"https:\\\/\\\/heliospectra.com\\\/nl_old\\\/sv-investerarrelationer\\\/corporate-governance\\\/nomination-committee\\\/\",\"url\":\"https:\\\/\\\/heliospectra.com\\\/nl_old\\\/sv-investerarrelationer\\\/corporate-governance\\\/nomination-committee\\\/\",\"name\":\"Nomination Committee - Netherlands\",\"isPartOf\":{\"@id\":\"https:\\\/\\\/heliospectra.com\\\/nl_old\\\/#website\"},\"datePublished\":\"2023-02-21T14:38:32+00:00\",\"dateModified\":\"2023-02-21T16:01:45+00:00\",\"breadcrumb\":{\"@id\":\"https:\\\/\\\/heliospectra.com\\\/nl_old\\\/sv-investerarrelationer\\\/corporate-governance\\\/nomination-committee\\\/#breadcrumb\"},\"inLanguage\":\"en-US\",\"potentialAction\":[{\"@type\":\"ReadAction\",\"target\":[\"https:\\\/\\\/heliospectra.com\\\/nl_old\\\/sv-investerarrelationer\\\/corporate-governance\\\/nomination-committee\\\/\"]}]},{\"@type\":\"BreadcrumbList\",\"@id\":\"https:\\\/\\\/heliospectra.com\\\/nl_old\\\/sv-investerarrelationer\\\/corporate-governance\\\/nomination-committee\\\/#breadcrumb\",\"itemListElement\":[{\"@type\":\"ListItem\",\"position\":1,\"name\":\"Home\",\"item\":\"https:\\\/\\\/heliospectra.com\\\/nl_old\\\/\"},{\"@type\":\"ListItem\",\"position\":2,\"name\":\"SV Investerarrelationer\",\"item\":\"https:\\\/\\\/heliospectra.com\\\/nl_old\\\/sv-investerarrelationer\\\/\"},{\"@type\":\"ListItem\",\"position\":3,\"name\":\"Corporate Governance\",\"item\":\"https:\\\/\\\/heliospectra.com\\\/nl_old\\\/sv-investerarrelationer\\\/corporate-governance\\\/\"},{\"@type\":\"ListItem\",\"position\":4,\"name\":\"Nomination Committee\"}]},{\"@type\":\"WebSite\",\"@id\":\"https:\\\/\\\/heliospectra.com\\\/nl_old\\\/#website\",\"url\":\"https:\\\/\\\/heliospectra.com\\\/nl_old\\\/\",\"name\":\"Netherlands\",\"description\":\"Horticulture LED lighting\",\"potentialAction\":[{\"@type\":\"SearchAction\",\"target\":{\"@type\":\"EntryPoint\",\"urlTemplate\":\"https:\\\/\\\/heliospectra.com\\\/nl_old\\\/?s={search_term_string}\"},\"query-input\":{\"@type\":\"PropertyValueSpecification\",\"valueRequired\":true,\"valueName\":\"search_term_string\"}}],\"inLanguage\":\"en-US\"}]}<\/script>\n<!-- \/ Yoast SEO plugin. -->","yoast_head_json":{"title":"Nomination Committee - Netherlands","robots":{"index":"index","follow":"follow","max-snippet":"max-snippet:-1","max-image-preview":"max-image-preview:large","max-video-preview":"max-video-preview:-1"},"canonical":"https:\/\/heliospectra.com\/nl_old\/sv-investerarrelationer\/corporate-governance\/nomination-committee\/","og_locale":"en_US","og_type":"article","og_title":"Nomination Committee - Netherlands","og_url":"https:\/\/heliospectra.com\/nl_old\/sv-investerarrelationer\/corporate-governance\/nomination-committee\/","og_site_name":"Netherlands","article_modified_time":"2023-02-21T16:01:45+00:00","twitter_card":"summary_large_image","twitter_misc":{"Est. reading time":"1 minute"},"schema":{"@context":"https:\/\/schema.org","@graph":[{"@type":"WebPage","@id":"https:\/\/heliospectra.com\/nl_old\/sv-investerarrelationer\/corporate-governance\/nomination-committee\/","url":"https:\/\/heliospectra.com\/nl_old\/sv-investerarrelationer\/corporate-governance\/nomination-committee\/","name":"Nomination Committee - Netherlands","isPartOf":{"@id":"https:\/\/heliospectra.com\/nl_old\/#website"},"datePublished":"2023-02-21T14:38:32+00:00","dateModified":"2023-02-21T16:01:45+00:00","breadcrumb":{"@id":"https:\/\/heliospectra.com\/nl_old\/sv-investerarrelationer\/corporate-governance\/nomination-committee\/#breadcrumb"},"inLanguage":"en-US","potentialAction":[{"@type":"ReadAction","target":["https:\/\/heliospectra.com\/nl_old\/sv-investerarrelationer\/corporate-governance\/nomination-committee\/"]}]},{"@type":"BreadcrumbList","@id":"https:\/\/heliospectra.com\/nl_old\/sv-investerarrelationer\/corporate-governance\/nomination-committee\/#breadcrumb","itemListElement":[{"@type":"ListItem","position":1,"name":"Home","item":"https:\/\/heliospectra.com\/nl_old\/"},{"@type":"ListItem","position":2,"name":"SV Investerarrelationer","item":"https:\/\/heliospectra.com\/nl_old\/sv-investerarrelationer\/"},{"@type":"ListItem","position":3,"name":"Corporate Governance","item":"https:\/\/heliospectra.com\/nl_old\/sv-investerarrelationer\/corporate-governance\/"},{"@type":"ListItem","position":4,"name":"Nomination Committee"}]},{"@type":"WebSite","@id":"https:\/\/heliospectra.com\/nl_old\/#website","url":"https:\/\/heliospectra.com\/nl_old\/","name":"Netherlands","description":"Horticulture LED lighting","potentialAction":[{"@type":"SearchAction","target":{"@type":"EntryPoint","urlTemplate":"https:\/\/heliospectra.com\/nl_old\/?s={search_term_string}"},"query-input":{"@type":"PropertyValueSpecification","valueRequired":true,"valueName":"search_term_string"}}],"inLanguage":"en-US"}]}},"_links":{"self":[{"href":"https:\/\/heliospectra.com\/nl_old\/wp-json\/wp\/v2\/pages\/1067","targetHints":{"allow":["GET"]}}],"collection":[{"href":"https:\/\/heliospectra.com\/nl_old\/wp-json\/wp\/v2\/pages"}],"about":[{"href":"https:\/\/heliospectra.com\/nl_old\/wp-json\/wp\/v2\/types\/page"}],"author":[{"embeddable":true,"href":"https:\/\/heliospectra.com\/nl_old\/wp-json\/wp\/v2\/users\/1"}],"replies":[{"embeddable":true,"href":"https:\/\/heliospectra.com\/nl_old\/wp-json\/wp\/v2\/comments?post=1067"}],"version-history":[{"count":2,"href":"https:\/\/heliospectra.com\/nl_old\/wp-json\/wp\/v2\/pages\/1067\/revisions"}],"predecessor-version":[{"id":1110,"href":"https:\/\/heliospectra.com\/nl_old\/wp-json\/wp\/v2\/pages\/1067\/revisions\/1110"}],"up":[{"embeddable":true,"href":"https:\/\/heliospectra.com\/nl_old\/wp-json\/wp\/v2\/pages\/1060"}],"wp:attachment":[{"href":"https:\/\/heliospectra.com\/nl_old\/wp-json\/wp\/v2\/media?parent=1067"}],"curies":[{"name":"wp","href":"https:\/\/api.w.org\/{rel}","templated":true}]}}